{"id":352,"date":"2011-07-22T13:18:16","date_gmt":"2011-07-22T13:18:16","guid":{"rendered":"http:\/\/rempart.ca\/?page_id=352"},"modified":"2021-01-27T03:15:23","modified_gmt":"2021-01-27T03:15:23","slug":"accueil","status":"publish","type":"page","link":"https:\/\/rempart.ca\/fr\/","title":{"rendered":"Accueil"},"content":{"rendered":"<p>[vc_row bottom_padding=\u00a0\u00bb40&Prime;][vc_column width=\u00a0\u00bb1\/1&Prime;][vc_column_text]<\/p>\n<div align=\"center\">\n<h2><strong>Gestion de placements Rempart Inc. est une firme sp\u00e9cialis\u00e9e en gestion discr\u00e9tionnaire de portefeuille pour les particuliers, les corporations priv\u00e9es et les fondations.<\/strong><\/h2>\n<\/div>\n<p>[\/vc_column_text][\/vc_column][\/vc_row][vc_row bottom_padding=\u00a0\u00bb40&Prime;][vc_column width=\u00a0\u00bb1\/1&Prime;][vc_column_text]<img decoding=\"async\" class=\"aligncenter size-full wp-image-811\" src=\"http:\/\/rempart.ca\/wp-content\/uploads\/2021\/01\/rempart-home-header.jpg\" alt=\"Rempart Asset Management\" width=\"1160\" height=\"568\" srcset=\"https:\/\/rempart.ca\/wp-content\/uploads\/2021\/01\/rempart-home-header.jpg 1160w, https:\/\/rempart.ca\/wp-content\/uploads\/2021\/01\/rempart-home-header-300x147.jpg 300w, https:\/\/rempart.ca\/wp-content\/uploads\/2021\/01\/rempart-home-header-1024x501.jpg 1024w, https:\/\/rempart.ca\/wp-content\/uploads\/2021\/01\/rempart-home-header-768x376.jpg 768w\" sizes=\"(max-width: 1160px) 100vw, 1160px\" \/>[\/vc_column_text][\/vc_column][\/vc_row][vc_row bottom_padding=\u00a0\u00bb40&Prime;][vc_column width=\u00a0\u00bb1\/1&Prime;][vc_column_text]<\/p>\n<h2>En plus d\u2019opter pour une approche conservatrice quant \u00e0 notre gestion des risques, nous privil\u00e9gions une gestion diversifi\u00e9e et mettons plus particuli\u00e8rement l\u2019accent sur des titres de qualit\u00e9 que nous g\u00e9rons avec rigueur et discipline.<\/h2>\n<p>[\/vc_column_text][\/vc_column][\/vc_row][vc_row bottom_padding=\u00a0\u00bb50&Prime;][vc_column][vc_column_text]Il est de la mission de Rempart de fournir un rendement stable et une volatilit\u00e9 relativement faible. Ceci peut \u00eatre accompli par ses professionnels en placement dont la t\u00e2che est de rechercher des soci\u00e9t\u00e9s qui adoptent une approche ax\u00e9e sur la g\u00e9n\u00e9ration de flux de tr\u00e9sorerie.<\/p>\n<p>Rempart est une firme enti\u00e8rement ind\u00e9pendante d\u00e9tenue par ses associ\u00e9s fondateurs. L\u2019\u00e9quipe de Rempart adopte une approche disciplin\u00e9e en ce qui a trait \u00e0 la gestion des portefeuilles des clients.<\/p>\n<p>L\u2019\u00e9quipe de Rempart travaille \u00e9troitement ensemble depuis 2003 et chacun des cinq gestionnaires de portefeuille poss\u00e8de plusieurs ann\u00e9es d\u2019exp\u00e9rience en gestion de placement.<\/p>\n<p>Le si\u00e8ge social de Rempart est situ\u00e9 \u00e0 Montr\u00e9al dans la province de Qu\u00e9bec au Canada et compte une succursale \u00e0 Toronto, en Ontario. La firme est d\u00fbment enregistr\u00e9e en tant que soci\u00e9t\u00e9 de gestion de portefeuille aupr\u00e8s de la plupart des commissions des valeurs mobili\u00e8res provinciales au Canada et aupr\u00e8s de la Commission des valeurs mobili\u00e8res des \u00c9tats-Unis. Elle fournit \u00e9galement ses services \u00e0 l\u2019\u00e9chelle internationale.<\/p>\n<p>Chez Rempart, nous cr\u00e9ons des portefeuilles de placement con\u00e7us pour r\u00e9pondre aux objectifs et au profil unique de chaque client. Chaque portefeuille est g\u00e9r\u00e9 de fa\u00e7on autonome. L\u2019\u00e9tablissement de notre strat\u00e9gie refl\u00e8te donc non seulement nos opinions sur la direction des march\u00e9s, mais \u00e9galement les exigences de chaque client en mati\u00e8re de placement. Ce processus tient compte de leurs avoirs actuels, de leurs besoins en liquidit\u00e9s, de leurs objectifs de croissance, des consid\u00e9rations fiscales et de l\u2019horizon temporel.<\/p>\n<p>Les portefeuilles de placement sont g\u00e9r\u00e9s avec discipline par deux gestionnaires de portefeuilles principaux et une administratrice de portefeuille responsable de la gestion de chaque portefeuille et du service \u00e0 la client\u00e8le.[\/vc_column_text][\/vc_column][\/vc_row][vc_row bg_color=\u00a0\u00bb#efefef\u00a0\u00bb top_padding=\u00a0\u00bb30&Prime; bottom_padding=\u00a0\u00bb30&Prime;][vc_column width=\u00a0\u00bb1\/1&Prime;]<div class=\"latest-blog-modern clearfix\"><ul class=\"latest-blog-list-modern\"><li>\n\t\t\t  \t\t<a href=\"https:\/\/rempart.ca\/fr\/2026\/02\/quatrieme-trimestre-2025-2\/\" title=\"Quatri\u00e8me trimestre 2025\">\n\t\t\t  \t\t\t<span>f\u00e9vrier 06, 2026<\/span>\n\t\t\t\t\t\t<h4>Quatri\u00e8me trimestre 2025<\/h4>\n\t\t\t\t\t<\/a>\n\t\t\t\t<\/li><li>\n\t\t\t  \t\t<a href=\"https:\/\/rempart.ca\/fr\/2025\/10\/troisieme-trimestre-2025\/\" title=\"Troisi\u00e8me trimestre\u00a02025\">\n\t\t\t  \t\t\t<span>octobre 31, 2025<\/span>\n\t\t\t\t\t\t<h4>Troisi\u00e8me trimestre\u00a02025<\/h4>\n\t\t\t\t\t<\/a>\n\t\t\t\t<\/li><li>\n\t\t\t  \t\t<a href=\"https:\/\/rempart.ca\/fr\/2025\/07\/deuxieme-trimestre-2025\/\" title=\"Deuxi\u00e8me trimestre 2025\">\n\t\t\t  \t\t\t<span>juillet 30, 2025<\/span>\n\t\t\t\t\t\t<h4>Deuxi\u00e8me trimestre 2025<\/h4>\n\t\t\t\t\t<\/a>\n\t\t\t\t<\/li><li>\n\t\t\t  \t\t<a href=\"https:\/\/rempart.ca\/fr\/2025\/04\/premier-trimestre-2025\/\" title=\"Premier trimestre 2025\">\n\t\t\t  \t\t\t<span>avril 29, 2025<\/span>\n\t\t\t\t\t\t<h4>Premier trimestre 2025<\/h4>\n\t\t\t\t\t<\/a>\n\t\t\t\t<\/li><\/ul><\/div>[\/vc_column][\/vc_row]<\/p>\n","protected":false},"excerpt":{"rendered":"<p>[vc_row bottom_padding=\u00a0\u00bb40&Prime;][vc_column width=\u00a0\u00bb1\/1&Prime;][vc_column_text] Gestion de placements Rempart Inc. est une firme sp\u00e9cialis\u00e9e en gestion discr\u00e9tionnaire de portefeuille pour les particuliers, les corporations priv\u00e9es et les fondations. [\/vc_column_text][\/vc_column][\/vc_row][vc_row bottom_padding=\u00a0\u00bb40&Prime;][vc_column width=\u00a0\u00bb1\/1&Prime;][vc_column_text][\/vc_column_text][\/vc_column][\/vc_row][vc_row bottom_padding=\u00a0\u00bb40&Prime;][vc_column width=\u00a0\u00bb1\/1&Prime;][vc_column_text] En plus d\u2019opter pour une approche conservatrice quant \u00e0 notre gestion des risques, nous privil\u00e9gions une gestion diversifi\u00e9e et mettons plus particuli\u00e8rement l\u2019accent sur des titres de qualit\u00e9 que nous g\u00e9rons avec rigueur et discipline. [\/vc_column_text][\/vc_column][\/vc_row][vc_row bottom_padding=\u00a0\u00bb50&Prime;][vc_column][vc_column_text]Il est de la mission de Rempart de fournir un rendement stable et une volatilit\u00e9 relativement faible. Ceci peut \u00eatre accompli par ses professionnels en placement dont la t\u00e2che est de rechercher des soci\u00e9t\u00e9s qui adoptent une approche ax\u00e9e sur la g\u00e9n\u00e9ration de flux de tr\u00e9sorerie. Rempart est une firme enti\u00e8rement ind\u00e9pendante d\u00e9tenue par ses associ\u00e9s fondateurs. L\u2019\u00e9quipe de Rempart adopte une approche disciplin\u00e9e en ce qui a trait \u00e0 la gestion des portefeuilles des clients. L\u2019\u00e9quipe de Rempart travaille \u00e9troitement ensemble depuis 2003 et chacun des cinq gestionnaires de portefeuille poss\u00e8de plusieurs ann\u00e9es d\u2019exp\u00e9rience en gestion de placement. Le si\u00e8ge social de Rempart est situ\u00e9 \u00e0 Montr\u00e9al dans la province de Qu\u00e9bec au Canada et compte une succursale \u00e0 Toronto, en Ontario. La firme est d\u00fbment enregistr\u00e9e en tant que soci\u00e9t\u00e9 de [&hellip;]<\/p>\n","protected":false},"author":88889,"featured_media":0,"parent":0,"menu_order":0,"comment_status":"closed","ping_status":"closed","template":"","meta":{"footnotes":""},"yoast_head":"<!-- This site is optimized with the Yoast SEO plugin v21.5 - https:\/\/yoast.com\/wordpress\/plugins\/seo\/ -->\n<title>Gestion de placements Rempart Inc. - Gestion de portefeuille diversifi\u00e9e<\/title>\n<meta name=\"description\" content=\"Gestion de placements Rempart Inc. est une firme sp\u00e9cialis\u00e9e en gestion discr\u00e9tionnaire de portefeuille pour les particuliers, les corporations priv\u00e9es et les fondations.\" \/>\n<meta name=\"robots\" content=\"index, follow, max-snippet:-1, max-image-preview:large, max-video-preview:-1\" \/>\n<link rel=\"canonical\" href=\"https:\/\/rempart.ca\/fr\/\" \/>\n<meta property=\"og:locale\" content=\"fr_FR\" \/>\n<meta property=\"og:type\" content=\"article\" \/>\n<meta property=\"og:title\" content=\"Gestion de placements Rempart Inc. - Gestion de portefeuille diversifi\u00e9e\" \/>\n<meta property=\"og:description\" content=\"Gestion de placements Rempart Inc. est une firme sp\u00e9cialis\u00e9e en gestion discr\u00e9tionnaire de portefeuille pour les particuliers, les corporations priv\u00e9es et les fondations.\" \/>\n<meta property=\"og:url\" content=\"https:\/\/rempart.ca\/fr\/\" \/>\n<meta property=\"og:site_name\" content=\"Gestion de placements Rempart\" \/>\n<meta property=\"article:modified_time\" content=\"2021-01-27T03:15:23+00:00\" \/>\n<meta property=\"og:image\" content=\"http:\/\/rempart.ca\/wp-content\/uploads\/2021\/01\/rempart-home-header.jpg\" \/>\n<meta name=\"twitter:card\" content=\"summary_large_image\" \/>\n<meta name=\"twitter:label1\" content=\"Dur\u00e9e de lecture estim\u00e9e\" \/>\n\t<meta name=\"twitter:data1\" content=\"2 minutes\" \/>\n<script type=\"application\/ld+json\" class=\"yoast-schema-graph\">{\"@context\":\"https:\/\/schema.org\",\"@graph\":[{\"@type\":\"WebPage\",\"@id\":\"https:\/\/rempart.ca\/fr\/\",\"url\":\"https:\/\/rempart.ca\/fr\/\",\"name\":\"Gestion de placements Rempart Inc. - Gestion de portefeuille diversifi\u00e9e\",\"isPartOf\":{\"@id\":\"https:\/\/rempart.ca\/fr\/#website\"},\"datePublished\":\"2011-07-22T13:18:16+00:00\",\"dateModified\":\"2021-01-27T03:15:23+00:00\",\"description\":\"Gestion de placements Rempart Inc. est une firme sp\u00e9cialis\u00e9e en gestion discr\u00e9tionnaire de portefeuille pour les particuliers, les corporations priv\u00e9es et les fondations.\",\"breadcrumb\":{\"@id\":\"https:\/\/rempart.ca\/fr\/#breadcrumb\"},\"inLanguage\":\"fr-FR\",\"potentialAction\":[{\"@type\":\"ReadAction\",\"target\":[\"https:\/\/rempart.ca\/fr\/\"]}]},{\"@type\":\"BreadcrumbList\",\"@id\":\"https:\/\/rempart.ca\/fr\/#breadcrumb\",\"itemListElement\":[{\"@type\":\"ListItem\",\"position\":1,\"name\":\"Home\",\"item\":\"https:\/\/rempart.ca\/fr\/\"},{\"@type\":\"ListItem\",\"position\":2,\"name\":\"Accueil\"}]},{\"@type\":\"WebSite\",\"@id\":\"https:\/\/rempart.ca\/fr\/#website\",\"url\":\"https:\/\/rempart.ca\/fr\/\",\"name\":\"Rempart\",\"description\":\"Asset Management\",\"publisher\":{\"@id\":\"https:\/\/rempart.ca\/fr\/#organization\"},\"potentialAction\":[{\"@type\":\"SearchAction\",\"target\":{\"@type\":\"EntryPoint\",\"urlTemplate\":\"https:\/\/rempart.ca\/fr\/?s={search_term_string}\"},\"query-input\":\"required name=search_term_string\"}],\"inLanguage\":\"fr-FR\"},{\"@type\":\"Organization\",\"@id\":\"https:\/\/rempart.ca\/fr\/#organization\",\"name\":\"Gestion de placements Rempart\",\"url\":\"https:\/\/rempart.ca\/fr\/\",\"logo\":{\"@type\":\"ImageObject\",\"inLanguage\":\"fr-FR\",\"@id\":\"https:\/\/rempart.ca\/fr\/#\/schema\/logo\/image\/\",\"url\":\"https:\/\/rempart.ca\/wp-content\/uploads\/2021\/01\/Rempart-Logo.jpg\",\"contentUrl\":\"https:\/\/rempart.ca\/wp-content\/uploads\/2021\/01\/Rempart-Logo.jpg\",\"width\":251,\"height\":200,\"caption\":\"Gestion de placements Rempart\"},\"image\":{\"@id\":\"https:\/\/rempart.ca\/fr\/#\/schema\/logo\/image\/\"}}]}<\/script>\n<!-- \/ Yoast SEO plugin. -->","yoast_head_json":{"title":"Gestion de placements Rempart Inc. - Gestion de portefeuille diversifi\u00e9e","description":"Gestion de placements Rempart Inc. est une firme sp\u00e9cialis\u00e9e en gestion discr\u00e9tionnaire de portefeuille pour les particuliers, les corporations priv\u00e9es et les fondations.","robots":{"index":"index","follow":"follow","max-snippet":"max-snippet:-1","max-image-preview":"max-image-preview:large","max-video-preview":"max-video-preview:-1"},"canonical":"https:\/\/rempart.ca\/fr\/","og_locale":"fr_FR","og_type":"article","og_title":"Gestion de placements Rempart Inc. - Gestion de portefeuille diversifi\u00e9e","og_description":"Gestion de placements Rempart Inc. est une firme sp\u00e9cialis\u00e9e en gestion discr\u00e9tionnaire de portefeuille pour les particuliers, les corporations priv\u00e9es et les fondations.","og_url":"https:\/\/rempart.ca\/fr\/","og_site_name":"Gestion de placements Rempart","article_modified_time":"2021-01-27T03:15:23+00:00","og_image":[{"url":"http:\/\/rempart.ca\/wp-content\/uploads\/2021\/01\/rempart-home-header.jpg"}],"twitter_card":"summary_large_image","twitter_misc":{"Dur\u00e9e de lecture estim\u00e9e":"2 minutes"},"schema":{"@context":"https:\/\/schema.org","@graph":[{"@type":"WebPage","@id":"https:\/\/rempart.ca\/fr\/","url":"https:\/\/rempart.ca\/fr\/","name":"Gestion de placements Rempart Inc. - Gestion de portefeuille diversifi\u00e9e","isPartOf":{"@id":"https:\/\/rempart.ca\/fr\/#website"},"datePublished":"2011-07-22T13:18:16+00:00","dateModified":"2021-01-27T03:15:23+00:00","description":"Gestion de placements Rempart Inc. est une firme sp\u00e9cialis\u00e9e en gestion discr\u00e9tionnaire de portefeuille pour les particuliers, les corporations priv\u00e9es et les fondations.","breadcrumb":{"@id":"https:\/\/rempart.ca\/fr\/#breadcrumb"},"inLanguage":"fr-FR","potentialAction":[{"@type":"ReadAction","target":["https:\/\/rempart.ca\/fr\/"]}]},{"@type":"BreadcrumbList","@id":"https:\/\/rempart.ca\/fr\/#breadcrumb","itemListElement":[{"@type":"ListItem","position":1,"name":"Home","item":"https:\/\/rempart.ca\/fr\/"},{"@type":"ListItem","position":2,"name":"Accueil"}]},{"@type":"WebSite","@id":"https:\/\/rempart.ca\/fr\/#website","url":"https:\/\/rempart.ca\/fr\/","name":"Rempart","description":"Asset Management","publisher":{"@id":"https:\/\/rempart.ca\/fr\/#organization"},"potentialAction":[{"@type":"SearchAction","target":{"@type":"EntryPoint","urlTemplate":"https:\/\/rempart.ca\/fr\/?s={search_term_string}"},"query-input":"required name=search_term_string"}],"inLanguage":"fr-FR"},{"@type":"Organization","@id":"https:\/\/rempart.ca\/fr\/#organization","name":"Gestion de placements Rempart","url":"https:\/\/rempart.ca\/fr\/","logo":{"@type":"ImageObject","inLanguage":"fr-FR","@id":"https:\/\/rempart.ca\/fr\/#\/schema\/logo\/image\/","url":"https:\/\/rempart.ca\/wp-content\/uploads\/2021\/01\/Rempart-Logo.jpg","contentUrl":"https:\/\/rempart.ca\/wp-content\/uploads\/2021\/01\/Rempart-Logo.jpg","width":251,"height":200,"caption":"Gestion de placements Rempart"},"image":{"@id":"https:\/\/rempart.ca\/fr\/#\/schema\/logo\/image\/"}}]}},"_links":{"self":[{"href":"https:\/\/rempart.ca\/fr\/wp-json\/wp\/v2\/pages\/352"}],"collection":[{"href":"https:\/\/rempart.ca\/fr\/wp-json\/wp\/v2\/pages"}],"about":[{"href":"https:\/\/rempart.ca\/fr\/wp-json\/wp\/v2\/types\/page"}],"author":[{"embeddable":true,"href":"https:\/\/rempart.ca\/fr\/wp-json\/wp\/v2\/users\/88889"}],"replies":[{"embeddable":true,"href":"https:\/\/rempart.ca\/fr\/wp-json\/wp\/v2\/comments?post=352"}],"version-history":[{"count":14,"href":"https:\/\/rempart.ca\/fr\/wp-json\/wp\/v2\/pages\/352\/revisions"}],"predecessor-version":[{"id":921,"href":"https:\/\/rempart.ca\/fr\/wp-json\/wp\/v2\/pages\/352\/revisions\/921"}],"wp:attachment":[{"href":"https:\/\/rempart.ca\/fr\/wp-json\/wp\/v2\/media?parent=352"}],"curies":[{"name":"wp","href":"https:\/\/api.w.org\/{rel}","templated":true}]}}