{"id":354,"date":"2011-07-22T13:23:43","date_gmt":"2011-07-22T13:23:43","guid":{"rendered":"http:\/\/rempart.ca\/?page_id=354"},"modified":"2021-05-07T17:42:40","modified_gmt":"2021-05-07T17:42:40","slug":"personnel","status":"publish","type":"page","link":"https:\/\/rempart.ca\/fr\/personnel\/","title":{"rendered":"Personnel"},"content":{"rendered":"<p>[vc_row bottom_padding=\u00a0\u00bb30&Prime;][vc_column width=\u00a0\u00bb1\/6&Prime;][vc_column_text]<img decoding=\"async\" class=\"aligncenter size-full wp-image-825\" src=\"http:\/\/rempart.ca\/wp-content\/uploads\/2021\/01\/Douglas-Buchanan.jpg\" alt=\"Douglas Buchanan, MBA, CFA \/ President\" width=\"360\" height=\"504\" srcset=\"https:\/\/rempart.ca\/wp-content\/uploads\/2021\/01\/Douglas-Buchanan.jpg 360w, https:\/\/rempart.ca\/wp-content\/uploads\/2021\/01\/Douglas-Buchanan-214x300.jpg 214w\" sizes=\"(max-width: 360px) 100vw, 360px\" \/>[\/vc_column_text][\/vc_column][vc_column width=\u00a0\u00bb5\/6&Prime;][vc_column_text]<\/p>\n<h3>Douglas Buchanan, MBA, CFA \/ Pr\u00e9sident<\/h3>\n<p>M. Buchanan est le pr\u00e9sident fondateur de Rempart. Auparavant, il a fond\u00e9 et d\u00e9velopp\u00e9 la firme Les Conseillers en Placement MacDougall apr\u00e8s avoir pass\u00e9 dix ans chez Gestion priv\u00e9e des investissements AGF Magna Vista o\u00f9 il a occup\u00e9 les postes de vice-pr\u00e9sident et de conseiller en placement principal. Dans le cadre de ses fonctions, il a \u00e9t\u00e9 responsable de la gestion et du service aux clients priv\u00e9s et institutionnels. M. Buchanan a \u00e9galement \u00e9t\u00e9 agent des placements \u00e0 la Caisse de retraite du Canadien National o\u00f9 il a g\u00e9r\u00e9 des portefeuilles \u00e0 faible et \u00e0 forte capitalisation.[\/vc_column_text][\/vc_column][\/vc_row][vc_row bottom_padding=\u00a0\u00bb30&Prime;][vc_column width=\u00a0\u00bb1\/6&Prime;][vc_column_text]<img decoding=\"async\" class=\"aligncenter size-full wp-image-829\" src=\"http:\/\/rempart.ca\/wp-content\/uploads\/2021\/01\/David-Stenason.jpg\" alt=\"David Stenason, MBA, CFA \/ Managing Director\" width=\"360\" height=\"504\" srcset=\"https:\/\/rempart.ca\/wp-content\/uploads\/2021\/01\/David-Stenason.jpg 360w, https:\/\/rempart.ca\/wp-content\/uploads\/2021\/01\/David-Stenason-214x300.jpg 214w\" sizes=\"(max-width: 360px) 100vw, 360px\" \/>[\/vc_column_text][\/vc_column][vc_column width=\u00a0\u00bb5\/6&Prime;][vc_column_text]<\/p>\n<h3>David Stenason, MBA, CFA \/ Directeur d\u00e9l\u00e9gu\u00e9<\/h3>\n<p>M. Stenason est l\u2019un des fondateurs de Rempart. Auparavant, il a travaill\u00e9 au sein de la firme Les Conseillers en Placement MacDougall pendant sept ans \u00e0 titre de gestionnaire de portefeuille principal. M. Stenason a travaill\u00e9 pr\u00e8s de vingt ans comme analyste dans les secteurs p\u00e9trolier et gazier, des services \u00e9nerg\u00e9tiques, des pipelines et des services publics chez quatre des principales maisons de courtage canadiennes, dont CIBC Wood Gundy et Scotia Capitaux Inc. M. Stenason a d\u00e9but\u00e9 sa carri\u00e8re chez Gulf Canada Ltd.[\/vc_column_text][\/vc_column][\/vc_row][vc_row bottom_padding=\u00a0\u00bb30&Prime;][vc_column width=\u00a0\u00bb1\/6&Prime;][vc_column_text]<img decoding=\"async\" class=\"aligncenter size-full wp-image-831\" src=\"http:\/\/rempart.ca\/wp-content\/uploads\/2021\/01\/Natalie-Circelli.jpg\" alt=\"Natalie Circelli, BA \/ Investment Counsellor\" width=\"360\" height=\"504\" srcset=\"https:\/\/rempart.ca\/wp-content\/uploads\/2021\/01\/Natalie-Circelli.jpg 360w, https:\/\/rempart.ca\/wp-content\/uploads\/2021\/01\/Natalie-Circelli-214x300.jpg 214w\" sizes=\"(max-width: 360px) 100vw, 360px\" \/>[\/vc_column_text][\/vc_column][vc_column width=\u00a0\u00bb5\/6&Prime;][vc_column_text]<\/p>\n<h3>Natalie Circelli, BA \/ Gestionnaire de portefeuille<\/h3>\n<p>M<span class=\"mme\">me<\/span> Circelli est l\u2019un des fondateurs de Rempart. Auparavant, elle a agit \u00e0 titre de gestionnaire de portefeuille pour Les Conseillers en Placement MacDougall et pour Gestion priv\u00e9e des investissements AGF Magna Vista. M<span class=\"mme\">me<\/span> Circelli a \u00e9galement occup\u00e9 le poste de gestionnaire principale de portefeuilles aupr\u00e8s de la Compagnie Trust Royal et par la suite aupr\u00e8s du Groupe financier Banque Royale o\u00f9 elle a \u00e9t\u00e9 responsable de la gestion de portefeuilles et du service li\u00e9 aux clients priv\u00e9s, aux successions, aux fiducies et aux fondations.[\/vc_column_text][\/vc_column][\/vc_row][vc_row bottom_padding=\u00a0\u00bb30&Prime;][vc_column width=\u00a0\u00bb1\/6&Prime;][vc_column_text]<img decoding=\"async\" class=\"aligncenter size-full wp-image-835\" src=\"http:\/\/rempart.ca\/wp-content\/uploads\/2021\/01\/Malcolm-Speirs.jpg\" alt=\"Malcolm Speirs, MBA, CFP, CFA \/ Investment Counsellor\" width=\"360\" height=\"504\" srcset=\"https:\/\/rempart.ca\/wp-content\/uploads\/2021\/01\/Malcolm-Speirs.jpg 360w, https:\/\/rempart.ca\/wp-content\/uploads\/2021\/01\/Malcolm-Speirs-214x300.jpg 214w\" sizes=\"(max-width: 360px) 100vw, 360px\" \/>[\/vc_column_text][\/vc_column][vc_column width=\u00a0\u00bb5\/6&Prime;][vc_column_text]<\/p>\n<h3>Malcolm Speirs, MBA, CFP, CFA \/ Gestionnaire de portefeuille<\/h3>\n<p>M. Speirs est un membre original de l\u2019\u00e9quipe de Rempart. Auparavant, il a agit \u00e0 titre de gestionnaire de portefeuille au sein de la firme Les Conseillers en Placement MacDougall pendant cinq ans. Il a travaill\u00e9 pendant douze ans dans la gestion priv\u00e9e de portefeuille aupr\u00e8s de Gestion de placements TD. M. Speirs a occup\u00e9 plusieurs postes sup\u00e9rieurs au sein de cette banque, dont, plus r\u00e9cemment, celui de gestionnaire de portefeuille et directeur r\u00e9gional. M. Speirs a d\u00e9but\u00e9 sa carri\u00e8re dans le domaine bancaire et dans le domaine du courtage en valeurs mobili\u00e8res. Il a travaill\u00e9 en tant que cambiste pour les titres \u00e0 revenu fixe et les devises.[\/vc_column_text][\/vc_column][\/vc_row][vc_row bottom_padding=\u00a0\u00bb30&Prime;][vc_column width=\u00a0\u00bb1\/6&Prime;][vc_column_text]<img decoding=\"async\" class=\"aligncenter size-full wp-image-841\" src=\"http:\/\/rempart.ca\/wp-content\/uploads\/2021\/01\/David-Buma.jpg\" alt=\"David Buma, BBA, CFA - Investment Counsellor\" width=\"360\" height=\"480\" srcset=\"https:\/\/rempart.ca\/wp-content\/uploads\/2021\/01\/David-Buma.jpg 360w, https:\/\/rempart.ca\/wp-content\/uploads\/2021\/01\/David-Buma-225x300.jpg 225w\" sizes=\"(max-width: 360px) 100vw, 360px\" \/>[\/vc_column_text][\/vc_column][vc_column width=\u00a0\u00bb5\/6&Prime;][vc_column_text]<\/p>\n<h3>David Buma, B.A.A, CFA &#8211; Gestionnaire de portefeuille<\/h3>\n<p>David a pass\u00e9 les 14 premi\u00e8res ann\u00e9es de sa carri\u00e8re en tant qu&rsquo;analyste en recherche sur les actions dans les secteurs de l&rsquo;\u00e9nergie et des produits industriels au sein de plusieurs maisons de courtage de valeurs, notamment chez Scotia Capital et chez Valeurs mobili\u00e8res Banque Laurentienne. David s&rsquo;est ensuite tourn\u00e9 vers l&rsquo;industrie de la gestion des placements et a travaill\u00e9 chez BonaVista Asset Management qui faisait partie de RBC Gestion mondiale d&rsquo;actifs. Il a \u00e9galement travaill\u00e9 pour les soci\u00e9t\u00e9s industrielles canadiennes Martinrea et ATS Automation. David s&rsquo;est joint \u00e0 Rempart en 2018.[\/vc_column_text][\/vc_column][\/vc_row][vc_row bottom_padding=\u00a0\u00bb30&Prime;][vc_column width=\u00a0\u00bb1\/6&Prime;][vc_column_text]<img decoding=\"async\" class=\"aligncenter size-full wp-image-837\" src=\"http:\/\/rempart.ca\/wp-content\/uploads\/2021\/01\/Karen-Husbands.jpg\" alt=\"Karen Husbands, B. Math, MTM \/ Portfolio Administrator\" width=\"360\" height=\"504\" srcset=\"https:\/\/rempart.ca\/wp-content\/uploads\/2021\/01\/Karen-Husbands.jpg 360w, https:\/\/rempart.ca\/wp-content\/uploads\/2021\/01\/Karen-Husbands-214x300.jpg 214w\" sizes=\"(max-width: 360px) 100vw, 360px\" \/>[\/vc_column_text][\/vc_column][vc_column width=\u00a0\u00bb5\/6&Prime;][vc_column_text]<\/p>\n<h3>Karen Husbands, B. Math, MTM \/ Chef d\u2019administration<\/h3>\n<p>M<span class=\"mme\">me<\/span> Husbands d\u00e9tient un baccalaur\u00e9at en math\u00e9matiques de l\u2019Universit\u00e9 de Waterloo et une ma\u00eetrise de l\u2019Universit\u00e9 Concordia. Elle a compl\u00e9t\u00e9 avec succ\u00e8s le cours sur le commerce des valeurs mobili\u00e8res au Canada. M<span class=\"mme\">me<\/span> Husbands poss\u00e8de plusieurs ann\u00e9es d\u2019exp\u00e9rience \u00e0 titre d\u2019administratrice de portefeuille au sein de Gestion priv\u00e9e des investissements AGF Magna Vista, Les Conseillers en Placement MacDougall et Rempart. M<span class=\"mme\">me<\/span> Husbands est l\u2019une des membres originaux de l\u2019\u00e9quipe qui s\u2019est jointe \u00e0 la firme Rempart en octobre 2010.[\/vc_column_text][\/vc_column][\/vc_row][vc_row bottom_padding=\u00a0\u00bb30&Prime;][vc_column width=\u00a0\u00bb1\/6&Prime;][vc_column_text]<img decoding=\"async\" class=\"aligncenter size-full wp-image-839\" src=\"http:\/\/rempart.ca\/wp-content\/uploads\/2021\/01\/ELizabeth-Manelli.jpg\" alt=\"ELizabeth Manelli, Portfolio Administrator\" width=\"360\" height=\"504\" srcset=\"https:\/\/rempart.ca\/wp-content\/uploads\/2021\/01\/ELizabeth-Manelli.jpg 360w, https:\/\/rempart.ca\/wp-content\/uploads\/2021\/01\/ELizabeth-Manelli-214x300.jpg 214w\" sizes=\"(max-width: 360px) 100vw, 360px\" \/>[\/vc_column_text][\/vc_column][vc_column width=\u00a0\u00bb5\/6&Prime;][vc_column_text]<\/p>\n<h3>Elizabeth Manelli, Administratrice de portefeuille<\/h3>\n<p>M<span class=\"mme\">me<\/span> Manelli a amorc\u00e9 sa carri\u00e8re chez MacDougall, MacDougall &amp; MacTier il y a plusieurs ann\u00e9es o\u00f9 elle a acquis une exp\u00e9rience pr\u00e9cieuse au sein des services du cr\u00e9dit, des transferts, d\u2019ouverture de compte, de conformit\u00e9 et de n\u00e9gociation. Elle a compl\u00e9t\u00e9 avec succ\u00e8s le Cours sur le commerce des valeurs mobili\u00e8res au Canada et a obtenu le titre de conseill\u00e8re en placement. Liz s\u2019est jointe \u00e0 Rempart en 2014 et travaille au sein du groupe de gestion des portefeuilles.[\/vc_column_text][\/vc_column][\/vc_row][vc_row bottom_padding=\u00a0\u00bb30&Prime;][vc_column width=\u00a0\u00bb1\/6&Prime;][vc_column_text]Photo \u00e0 venir[\/vc_column_text][\/vc_column][vc_column width=\u00a0\u00bb5\/6&Prime;][vc_column_text]<\/p>\n<h3>Genevi\u00e8ve Rodier &#8211; Administratrice de portefeuille<\/h3>\n<p>Genevi\u00e8ve a amorc\u00e9 sa carri\u00e8re \u00e0 la Banque Royale du Canada au sein du service de la gestion des fraudes. Elle a ensuite travaill\u00e9 pendant plusieurs ann\u00e9es chez MacDougall, MacDougall &amp; MacTier et chez Raymond James o\u00f9 elle a occup\u00e9 divers postes, notamment aux services d&rsquo;ouverture des comptes, de la conformit\u00e9 et de l&rsquo;administration. Genevi\u00e8ve s&rsquo;est jointe \u00e0 l&rsquo;\u00e9quipe de Rempart en 2018.[\/vc_column_text][\/vc_column][\/vc_row]<\/p>\n","protected":false},"excerpt":{"rendered":"<p>[vc_row bottom_padding=\u00a0\u00bb30&Prime;][vc_column width=\u00a0\u00bb1\/6&Prime;][vc_column_text][\/vc_column_text][\/vc_column][vc_column width=\u00a0\u00bb5\/6&Prime;][vc_column_text] Douglas Buchanan, MBA, CFA \/ Pr\u00e9sident M. Buchanan est le pr\u00e9sident fondateur de Rempart. Auparavant, il a fond\u00e9 et d\u00e9velopp\u00e9 la firme Les Conseillers en Placement MacDougall apr\u00e8s avoir pass\u00e9 dix ans chez Gestion priv\u00e9e des investissements AGF Magna Vista o\u00f9 il a occup\u00e9 les postes de vice-pr\u00e9sident et de conseiller en placement principal. Dans le cadre de ses fonctions, il a \u00e9t\u00e9 responsable de la gestion et du service aux clients priv\u00e9s et institutionnels. M. Buchanan a \u00e9galement \u00e9t\u00e9 agent des placements \u00e0 la Caisse de retraite du Canadien National o\u00f9 il a g\u00e9r\u00e9 des portefeuilles \u00e0 faible et \u00e0 forte capitalisation.[\/vc_column_text][\/vc_column][\/vc_row][vc_row bottom_padding=\u00a0\u00bb30&Prime;][vc_column width=\u00a0\u00bb1\/6&Prime;][vc_column_text][\/vc_column_text][\/vc_column][vc_column width=\u00a0\u00bb5\/6&Prime;][vc_column_text] David Stenason, MBA, CFA \/ Directeur d\u00e9l\u00e9gu\u00e9 M. Stenason est l\u2019un des fondateurs de Rempart. Auparavant, il a travaill\u00e9 au sein de la firme Les Conseillers en Placement MacDougall pendant sept ans \u00e0 titre de gestionnaire de portefeuille principal. M. Stenason a travaill\u00e9 pr\u00e8s de vingt ans comme analyste dans les secteurs p\u00e9trolier et gazier, des services \u00e9nerg\u00e9tiques, des pipelines et des services publics chez quatre des principales maisons de courtage canadiennes, dont CIBC Wood Gundy et Scotia Capitaux Inc. M. Stenason a d\u00e9but\u00e9 sa carri\u00e8re chez Gulf Canada Ltd.[\/vc_column_text][\/vc_column][\/vc_row][vc_row [&hellip;]<\/p>\n","protected":false},"author":88889,"featured_media":0,"parent":0,"menu_order":1,"comment_status":"closed","ping_status":"closed","template":"","meta":{"footnotes":""},"yoast_head":"<!-- This site is optimized with the Yoast SEO plugin v21.5 - https:\/\/yoast.com\/wordpress\/plugins\/seo\/ -->\n<title>Personnel - Gestion de placements Rempart<\/title>\n<meta name=\"robots\" content=\"index, follow, max-snippet:-1, max-image-preview:large, max-video-preview:-1\" \/>\n<link rel=\"canonical\" href=\"https:\/\/rempart.ca\/fr\/personnel\/\" \/>\n<meta property=\"og:locale\" content=\"fr_FR\" \/>\n<meta property=\"og:type\" content=\"article\" \/>\n<meta property=\"og:title\" content=\"Personnel - Gestion de placements Rempart\" \/>\n<meta property=\"og:description\" content=\"[vc_row bottom_padding=\u00a0\u00bb30&Prime;][vc_column width=\u00a0\u00bb1\/6&Prime;][vc_column_text][\/vc_column_text][\/vc_column][vc_column width=\u00a0\u00bb5\/6&Prime;][vc_column_text] Douglas Buchanan, MBA, CFA \/ Pr\u00e9sident M. Buchanan est le pr\u00e9sident fondateur de Rempart. Auparavant, il a fond\u00e9 et d\u00e9velopp\u00e9 la firme Les Conseillers en Placement MacDougall apr\u00e8s avoir pass\u00e9 dix ans chez Gestion priv\u00e9e des investissements AGF Magna Vista o\u00f9 il a occup\u00e9 les postes de vice-pr\u00e9sident et de conseiller en placement principal. Dans le cadre de ses fonctions, il a \u00e9t\u00e9 responsable de la gestion et du service aux clients priv\u00e9s et institutionnels. M. Buchanan a \u00e9galement \u00e9t\u00e9 agent des placements \u00e0 la Caisse de retraite du Canadien National o\u00f9 il a g\u00e9r\u00e9 des portefeuilles \u00e0 faible et \u00e0 forte capitalisation.[\/vc_column_text][\/vc_column][\/vc_row][vc_row bottom_padding=\u00a0\u00bb30&Prime;][vc_column width=\u00a0\u00bb1\/6&Prime;][vc_column_text][\/vc_column_text][\/vc_column][vc_column width=\u00a0\u00bb5\/6&Prime;][vc_column_text] David Stenason, MBA, CFA \/ Directeur d\u00e9l\u00e9gu\u00e9 M. Stenason est l\u2019un des fondateurs de Rempart. Auparavant, il a travaill\u00e9 au sein de la firme Les Conseillers en Placement MacDougall pendant sept ans \u00e0 titre de gestionnaire de portefeuille principal. M. Stenason a travaill\u00e9 pr\u00e8s de vingt ans comme analyste dans les secteurs p\u00e9trolier et gazier, des services \u00e9nerg\u00e9tiques, des pipelines et des services publics chez quatre des principales maisons de courtage canadiennes, dont CIBC Wood Gundy et Scotia Capitaux Inc. M. Stenason a d\u00e9but\u00e9 sa carri\u00e8re chez Gulf Canada Ltd.[\/vc_column_text][\/vc_column][\/vc_row][vc_row [&hellip;]\" \/>\n<meta property=\"og:url\" content=\"https:\/\/rempart.ca\/fr\/personnel\/\" \/>\n<meta property=\"og:site_name\" content=\"Gestion de placements Rempart\" \/>\n<meta property=\"article:modified_time\" content=\"2021-05-07T17:42:40+00:00\" \/>\n<meta property=\"og:image\" content=\"http:\/\/rempart.ca\/wp-content\/uploads\/2021\/01\/Douglas-Buchanan.jpg\" \/>\n<meta name=\"twitter:card\" content=\"summary_large_image\" \/>\n<meta name=\"twitter:label1\" content=\"Dur\u00e9e de lecture estim\u00e9e\" \/>\n\t<meta name=\"twitter:data1\" content=\"5 minutes\" \/>\n<script type=\"application\/ld+json\" class=\"yoast-schema-graph\">{\"@context\":\"https:\/\/schema.org\",\"@graph\":[{\"@type\":\"WebPage\",\"@id\":\"https:\/\/rempart.ca\/fr\/personnel\/\",\"url\":\"https:\/\/rempart.ca\/fr\/personnel\/\",\"name\":\"Personnel - Gestion de placements Rempart\",\"isPartOf\":{\"@id\":\"https:\/\/rempart.ca\/fr\/#website\"},\"datePublished\":\"2011-07-22T13:23:43+00:00\",\"dateModified\":\"2021-05-07T17:42:40+00:00\",\"breadcrumb\":{\"@id\":\"https:\/\/rempart.ca\/fr\/personnel\/#breadcrumb\"},\"inLanguage\":\"fr-FR\",\"potentialAction\":[{\"@type\":\"ReadAction\",\"target\":[\"https:\/\/rempart.ca\/fr\/personnel\/\"]}]},{\"@type\":\"BreadcrumbList\",\"@id\":\"https:\/\/rempart.ca\/fr\/personnel\/#breadcrumb\",\"itemListElement\":[{\"@type\":\"ListItem\",\"position\":1,\"name\":\"Home\",\"item\":\"https:\/\/rempart.ca\/fr\/\"},{\"@type\":\"ListItem\",\"position\":2,\"name\":\"Personnel\"}]},{\"@type\":\"WebSite\",\"@id\":\"https:\/\/rempart.ca\/fr\/#website\",\"url\":\"https:\/\/rempart.ca\/fr\/\",\"name\":\"Rempart\",\"description\":\"Asset Management\",\"publisher\":{\"@id\":\"https:\/\/rempart.ca\/fr\/#organization\"},\"potentialAction\":[{\"@type\":\"SearchAction\",\"target\":{\"@type\":\"EntryPoint\",\"urlTemplate\":\"https:\/\/rempart.ca\/fr\/?s={search_term_string}\"},\"query-input\":\"required name=search_term_string\"}],\"inLanguage\":\"fr-FR\"},{\"@type\":\"Organization\",\"@id\":\"https:\/\/rempart.ca\/fr\/#organization\",\"name\":\"Gestion de placements Rempart\",\"url\":\"https:\/\/rempart.ca\/fr\/\",\"logo\":{\"@type\":\"ImageObject\",\"inLanguage\":\"fr-FR\",\"@id\":\"https:\/\/rempart.ca\/fr\/#\/schema\/logo\/image\/\",\"url\":\"https:\/\/rempart.ca\/wp-content\/uploads\/2021\/01\/Rempart-Logo.jpg\",\"contentUrl\":\"https:\/\/rempart.ca\/wp-content\/uploads\/2021\/01\/Rempart-Logo.jpg\",\"width\":251,\"height\":200,\"caption\":\"Gestion de placements Rempart\"},\"image\":{\"@id\":\"https:\/\/rempart.ca\/fr\/#\/schema\/logo\/image\/\"}}]}<\/script>\n<!-- \/ Yoast SEO plugin. -->","yoast_head_json":{"title":"Personnel - Gestion de placements Rempart","robots":{"index":"index","follow":"follow","max-snippet":"max-snippet:-1","max-image-preview":"max-image-preview:large","max-video-preview":"max-video-preview:-1"},"canonical":"https:\/\/rempart.ca\/fr\/personnel\/","og_locale":"fr_FR","og_type":"article","og_title":"Personnel - Gestion de placements Rempart","og_description":"[vc_row bottom_padding=\u00a0\u00bb30&Prime;][vc_column width=\u00a0\u00bb1\/6&Prime;][vc_column_text][\/vc_column_text][\/vc_column][vc_column width=\u00a0\u00bb5\/6&Prime;][vc_column_text] Douglas Buchanan, MBA, CFA \/ Pr\u00e9sident M. Buchanan est le pr\u00e9sident fondateur de Rempart. Auparavant, il a fond\u00e9 et d\u00e9velopp\u00e9 la firme Les Conseillers en Placement MacDougall apr\u00e8s avoir pass\u00e9 dix ans chez Gestion priv\u00e9e des investissements AGF Magna Vista o\u00f9 il a occup\u00e9 les postes de vice-pr\u00e9sident et de conseiller en placement principal. Dans le cadre de ses fonctions, il a \u00e9t\u00e9 responsable de la gestion et du service aux clients priv\u00e9s et institutionnels. M. Buchanan a \u00e9galement \u00e9t\u00e9 agent des placements \u00e0 la Caisse de retraite du Canadien National o\u00f9 il a g\u00e9r\u00e9 des portefeuilles \u00e0 faible et \u00e0 forte capitalisation.[\/vc_column_text][\/vc_column][\/vc_row][vc_row bottom_padding=\u00a0\u00bb30&Prime;][vc_column width=\u00a0\u00bb1\/6&Prime;][vc_column_text][\/vc_column_text][\/vc_column][vc_column width=\u00a0\u00bb5\/6&Prime;][vc_column_text] David Stenason, MBA, CFA \/ Directeur d\u00e9l\u00e9gu\u00e9 M. Stenason est l\u2019un des fondateurs de Rempart. Auparavant, il a travaill\u00e9 au sein de la firme Les Conseillers en Placement MacDougall pendant sept ans \u00e0 titre de gestionnaire de portefeuille principal. M. Stenason a travaill\u00e9 pr\u00e8s de vingt ans comme analyste dans les secteurs p\u00e9trolier et gazier, des services \u00e9nerg\u00e9tiques, des pipelines et des services publics chez quatre des principales maisons de courtage canadiennes, dont CIBC Wood Gundy et Scotia Capitaux Inc. M. Stenason a d\u00e9but\u00e9 sa carri\u00e8re chez Gulf Canada Ltd.[\/vc_column_text][\/vc_column][\/vc_row][vc_row [&hellip;]","og_url":"https:\/\/rempart.ca\/fr\/personnel\/","og_site_name":"Gestion de placements Rempart","article_modified_time":"2021-05-07T17:42:40+00:00","og_image":[{"url":"http:\/\/rempart.ca\/wp-content\/uploads\/2021\/01\/Douglas-Buchanan.jpg"}],"twitter_card":"summary_large_image","twitter_misc":{"Dur\u00e9e de lecture estim\u00e9e":"5 minutes"},"schema":{"@context":"https:\/\/schema.org","@graph":[{"@type":"WebPage","@id":"https:\/\/rempart.ca\/fr\/personnel\/","url":"https:\/\/rempart.ca\/fr\/personnel\/","name":"Personnel - Gestion de placements Rempart","isPartOf":{"@id":"https:\/\/rempart.ca\/fr\/#website"},"datePublished":"2011-07-22T13:23:43+00:00","dateModified":"2021-05-07T17:42:40+00:00","breadcrumb":{"@id":"https:\/\/rempart.ca\/fr\/personnel\/#breadcrumb"},"inLanguage":"fr-FR","potentialAction":[{"@type":"ReadAction","target":["https:\/\/rempart.ca\/fr\/personnel\/"]}]},{"@type":"BreadcrumbList","@id":"https:\/\/rempart.ca\/fr\/personnel\/#breadcrumb","itemListElement":[{"@type":"ListItem","position":1,"name":"Home","item":"https:\/\/rempart.ca\/fr\/"},{"@type":"ListItem","position":2,"name":"Personnel"}]},{"@type":"WebSite","@id":"https:\/\/rempart.ca\/fr\/#website","url":"https:\/\/rempart.ca\/fr\/","name":"Rempart","description":"Asset Management","publisher":{"@id":"https:\/\/rempart.ca\/fr\/#organization"},"potentialAction":[{"@type":"SearchAction","target":{"@type":"EntryPoint","urlTemplate":"https:\/\/rempart.ca\/fr\/?s={search_term_string}"},"query-input":"required name=search_term_string"}],"inLanguage":"fr-FR"},{"@type":"Organization","@id":"https:\/\/rempart.ca\/fr\/#organization","name":"Gestion de placements Rempart","url":"https:\/\/rempart.ca\/fr\/","logo":{"@type":"ImageObject","inLanguage":"fr-FR","@id":"https:\/\/rempart.ca\/fr\/#\/schema\/logo\/image\/","url":"https:\/\/rempart.ca\/wp-content\/uploads\/2021\/01\/Rempart-Logo.jpg","contentUrl":"https:\/\/rempart.ca\/wp-content\/uploads\/2021\/01\/Rempart-Logo.jpg","width":251,"height":200,"caption":"Gestion de placements Rempart"},"image":{"@id":"https:\/\/rempart.ca\/fr\/#\/schema\/logo\/image\/"}}]}},"_links":{"self":[{"href":"https:\/\/rempart.ca\/fr\/wp-json\/wp\/v2\/pages\/354"}],"collection":[{"href":"https:\/\/rempart.ca\/fr\/wp-json\/wp\/v2\/pages"}],"about":[{"href":"https:\/\/rempart.ca\/fr\/wp-json\/wp\/v2\/types\/page"}],"author":[{"embeddable":true,"href":"https:\/\/rempart.ca\/fr\/wp-json\/wp\/v2\/users\/88889"}],"replies":[{"embeddable":true,"href":"https:\/\/rempart.ca\/fr\/wp-json\/wp\/v2\/comments?post=354"}],"version-history":[{"count":20,"href":"https:\/\/rempart.ca\/fr\/wp-json\/wp\/v2\/pages\/354\/revisions"}],"predecessor-version":[{"id":943,"href":"https:\/\/rempart.ca\/fr\/wp-json\/wp\/v2\/pages\/354\/revisions\/943"}],"wp:attachment":[{"href":"https:\/\/rempart.ca\/fr\/wp-json\/wp\/v2\/media?parent=354"}],"curies":[{"name":"wp","href":"https:\/\/api.w.org\/{rel}","templated":true}]}}