{"id":363,"date":"2011-07-22T13:54:25","date_gmt":"2011-07-22T13:54:25","guid":{"rendered":"http:\/\/rempart.ca\/?page_id=363"},"modified":"2021-01-27T01:41:22","modified_gmt":"2021-01-27T01:41:22","slug":"philosophie","status":"publish","type":"page","link":"https:\/\/rempart.ca\/fr\/philosophie\/","title":{"rendered":"Philosophie"},"content":{"rendered":"<p>[vc_row][vc_column width=\u00a0\u00bb1\/1&Prime;][vc_column_text]<img decoding=\"async\" class=\"alignleft size-full wp-image-850\" src=\"http:\/\/rempart.ca\/wp-content\/uploads\/2021\/01\/Rempart_233.jpg\" alt=\"\" width=\"200\" height=\"280\" srcset=\"https:\/\/rempart.ca\/wp-content\/uploads\/2021\/01\/Rempart_233.jpg 360w, https:\/\/rempart.ca\/wp-content\/uploads\/2021\/01\/Rempart_233-214x300.jpg 214w\" sizes=\"(max-width: 200px) 100vw, 200px\" \/><\/p>\n<h3><strong>Notre approche cr\u00e9ative en ce qui a trait \u00e0 la gestion de portefeuille nous permet de trouver un \u00e9quilibre entre le rendement sup\u00e9rieur \u00e0 long terme et l\u2019exposition minime au risque.<\/strong><\/h3>\n<h3>L\u2019exp\u00e9rience et la connaissance approfondie du domaine que les membres de notre \u00e9quipe de placement poss\u00e8dent nous permettent d\u2019\u00eatre proactifs dans la gestion des portefeuilles. La discipline, l\u2019\u00e9coute, la patience et une saine gestion des risques sont les fondements de notre style de placement.<\/h3>\n<p>[\/vc_column_text][\/vc_column][\/vc_row][vc_row][vc_column width=\u00a0\u00bb1\/1&Prime;][vc_separator border_width=\u00a0\u00bb5&Prime; css=\u00a0\u00bb.vc_custom_1611708256967{margin-top: 50px !important;}\u00a0\u00bb][vc_column_text]<\/p>\n<h3><strong>Les actions<\/strong><\/h3>\n<p><img decoding=\"async\" class=\"alignright size-full wp-image-853\" src=\"http:\/\/rempart.ca\/wp-content\/uploads\/2021\/01\/Rempart_262.jpg\" alt=\"\" width=\"200\" height=\"280\" srcset=\"https:\/\/rempart.ca\/wp-content\/uploads\/2021\/01\/Rempart_262.jpg 360w, https:\/\/rempart.ca\/wp-content\/uploads\/2021\/01\/Rempart_262-214x300.jpg 214w\" sizes=\"(max-width: 200px) 100vw, 200px\" \/><br \/>\nChez Rempart, nous investissons dans des soci\u00e9t\u00e9s et non dans des march\u00e9s. Pour ce faire, nos gestionnaires principaux s\u2019appuient sur des crit\u00e8res rigoureux pour mener \u00e0 bien leur propre recherche.<\/p>\n<p>Leurs analyses sont principalement ax\u00e9es sur la mani\u00e8re dont les soci\u00e9t\u00e9s g\u00e9n\u00e8rent et utilisent leurs flux de tr\u00e9sorerie, une approche \u00ab \u00c0 l\u2019aff\u00fbt de l\u2019encaisse \u00bb. En g\u00e9n\u00e9ral, les soci\u00e9t\u00e9s qui d\u00e9tiennent le plus de flux de tr\u00e9sorerie disponibles sont celles qui proviennent des secteurs non cycliques. En plus d\u2019\u00eatre chefs de file dans leur industrie, ces soci\u00e9t\u00e9s poss\u00e8dent une croissance stable et constante ainsi qu\u2019un bilan solide et sont men\u00e9es par des dirigeants chevronn\u00e9s.<\/p>\n<p>Le concept appel\u00e9 \u00ab \u00c0 l\u2019aff\u00fbt de l\u2019encaisse \u00bb va au-del\u00e0 de la simple analyse de production des flux de tr\u00e9sorerie. La mani\u00e8re dont une soci\u00e9t\u00e9 utilise ses flux de tr\u00e9sorerie au b\u00e9n\u00e9fice de toutes les parties prenantes, qu\u2019il s\u2019agisse de ses employ\u00e9s, de ses clients et de ses actionnaires, fait partie des \u00e9l\u00e9ments cruciaux de notre analyse. Ainsi, nous privil\u00e9gions les soci\u00e9t\u00e9s qui utilisent leurs flux de tr\u00e9sorerie intelligemment, soit celles qui ajoutent \u00e0 leurs d\u00e9penses du capital immobilis\u00e9, qui renforcent leur position financi\u00e8re, qui proc\u00e8dent \u00e0 des rachats d\u2019actions ou qui augmentent leurs dividendes. Une \u00e9quipe de direction exp\u00e9riment\u00e9e, un bilan solide et une r\u00e9partition ad\u00e9quate des flux de tr\u00e9sorerie sont les \u00e9l\u00e9ments cl\u00e9s qui permettent de favoriser la croissance et de minimiser le risque.<\/p>\n<p>Notre approche en mati\u00e8re de placement s\u2019appuie sur une analyse fondamentale rigoureuse effectu\u00e9e par notre \u00e9quipe de sp\u00e9cialistes en placement. Ces derniers sont des analystes financiers exp\u00e9riment\u00e9s qui rencontrent annuellement plus de 100 soci\u00e9t\u00e9s et dont en moyenne 25 \u00e0 30 soci\u00e9t\u00e9s font \u00e9ventuellement partie des portefeuilles de nos clients.<\/p>\n<p>Une connaissance approfondie des soci\u00e9t\u00e9s et une diversification dans chaque industrie nous permettent d\u2019obtenir des rendements constants tout en minimisant la volatilit\u00e9. La croissance ainsi que la pr\u00e9servation du capital sont les principaux objectifs des gestionnaires de portefeuille de Rempart.<\/p>\n<p>L\u2019\u00e9l\u00e9ment important faisant partie de notre analyse des soci\u00e9t\u00e9s qui poss\u00e8dent le meilleur potentiel de croissance consiste \u00e0 rep\u00e9rer d\u00e8s le d\u00e9part les tendances macro\u00e9conomiques. Ces tendances ont une incidence sur le rendement des titres provenant de divers secteurs et sont propuls\u00e9es par l\u2019ensemble des facteurs g\u00e9opolitiques et \u00e9conomiques et par l\u2019\u00e9mergence des d\u00e9veloppements industriels.[\/vc_column_text][\/vc_column][\/vc_row][vc_row][vc_column width=\u00a0\u00bb1\/1&Prime;][vc_separator border_width=\u00a0\u00bb5&Prime; css=\u00a0\u00bb.vc_custom_1611708256967{margin-top: 50px !important;}\u00a0\u00bb][vc_column_text]<img decoding=\"async\" class=\"alignleft size-full wp-image-858\" src=\"http:\/\/rempart.ca\/wp-content\/uploads\/2021\/01\/Rempart_428.jpg\" alt=\"\" width=\"200\" height=\"280\" srcset=\"https:\/\/rempart.ca\/wp-content\/uploads\/2021\/01\/Rempart_428.jpg 360w, https:\/\/rempart.ca\/wp-content\/uploads\/2021\/01\/Rempart_428-214x300.jpg 214w\" sizes=\"(max-width: 200px) 100vw, 200px\" \/><\/p>\n<h3><strong>Les titres \u00e0 revenu fixe<\/strong><\/h3>\n<p>Notre strat\u00e9gie en mati\u00e8re d\u2019investissement \u00e0 revenu fixe est de pr\u00e9server le capital et de g\u00e9n\u00e9rer des liquidit\u00e9s. Afin de r\u00e9aliser cette strat\u00e9gie, nous optons pour des obligations canadiennes \u00e9mises par le gouvernement f\u00e9d\u00e9ral, les provinces ainsi que les meilleures soci\u00e9t\u00e9s. Pour les portefeuilles assujettis \u00e0 l\u2019imp\u00f4t, les placements dans des actions privil\u00e9gi\u00e9es peuvent \u00e9galement \u00eatre consid\u00e9r\u00e9s.<\/p>\n<p>Notre approche disciplin\u00e9e dans ce secteur nous permet de concentrer nos efforts sur un choix de titres bien cot\u00e9s et sur les \u00e9valuations relatives entre les obligations f\u00e9d\u00e9rales, provinciales et corporatives. Nos d\u00e9cisions de placement sont influenc\u00e9es par notre analyse des donn\u00e9es macro\u00e9conomiques, financi\u00e8res et politiques.<\/p>\n<p>Cette approche permet \u00e0 Rempart de maximiser les rendements tout en minimisant les risques de d\u00e9pr\u00e9ciation provoqu\u00e9s par des changements soudains de direction dans les march\u00e9s obligataires.[\/vc_column_text][\/vc_column][\/vc_row][vc_row][vc_column][vc_separator border_width=\u00a0\u00bb5&Prime; css=\u00a0\u00bb.vc_custom_1611708256967{margin-top: 50px !important;}\u00a0\u00bb][vc_column_text]<\/p>\n<h3><strong>Les portefeuilles \u00e9quilibr\u00e9s<\/strong><\/h3>\n<p><img decoding=\"async\" class=\"alignright size-full wp-image-860\" src=\"http:\/\/rempart.ca\/wp-content\/uploads\/2021\/01\/Rempart_347.jpg\" alt=\"\" width=\"200\" height=\"280\" srcset=\"https:\/\/rempart.ca\/wp-content\/uploads\/2021\/01\/Rempart_347.jpg 360w, https:\/\/rempart.ca\/wp-content\/uploads\/2021\/01\/Rempart_347-214x300.jpg 214w\" sizes=\"(max-width: 200px) 100vw, 200px\" \/><br \/>\nLes portefeuilles \u00e9quilibr\u00e9s sont cr\u00e9\u00e9s dans le but de fournir un rendement constant tout en comportant un faible risque. Nous atteignons cet objectif en diversifiant le portefeuille de sorte que ce dernier poss\u00e8de des titres de qualit\u00e9 provenant des march\u00e9s boursiers et obligataires.<\/p>\n<p>Avant d\u2019\u00e9tablir la composition de l\u2019actif appropri\u00e9e pour nos clients, nous devons consid\u00e9rer plusieurs facteurs \u00e0 long terme, tels que le cycle \u00e9conomique, les tendances de l\u2019inflation et des taux d\u2019int\u00e9r\u00eat, les politiques fiscales et mon\u00e9taires et d\u2019autres indicateurs financiers. L\u2019incidence que ces facteurs ont sur les diverses classes d\u2019actifs de m\u00eame que nos objectifs de croissance et de pr\u00e9servation du capital font partie de notre processus de composition de l\u2019actif.<\/p>\n<p>L\u2019exp\u00e9rience et la connaissance approfondie de notre \u00e9quipe de conseillers en placement nous aide \u00e0 prendre des d\u00e9cisions rapides et au moment opportun en ce qui a trait aux portefeuilles de nos clients.<\/p>\n<p>Nous nous tenons \u00e0 l\u2019\u00e9cart de la sp\u00e9culation, \u00e9tant donn\u00e9 que cette strat\u00e9gie augmente la volatilit\u00e9 et qu\u2019elle nous \u00e9loigne de notre objectif, soit celui de maximiser les rendements apr\u00e8s imp\u00f4ts.[\/vc_column_text][\/vc_column][\/vc_row]<\/p>\n","protected":false},"excerpt":{"rendered":"<p>[vc_row][vc_column width=\u00a0\u00bb1\/1&Prime;][vc_column_text] Notre approche cr\u00e9ative en ce qui a trait \u00e0 la gestion de portefeuille nous permet de trouver un \u00e9quilibre entre le rendement sup\u00e9rieur \u00e0 long terme et l\u2019exposition minime au risque. L\u2019exp\u00e9rience et la connaissance approfondie du domaine que les membres de notre \u00e9quipe de placement poss\u00e8dent nous permettent d\u2019\u00eatre proactifs dans la gestion des portefeuilles. La discipline, l\u2019\u00e9coute, la patience et une saine gestion des risques sont les fondements de notre style de placement. [\/vc_column_text][\/vc_column][\/vc_row][vc_row][vc_column width=\u00a0\u00bb1\/1&Prime;][vc_separator border_width=\u00a0\u00bb5&Prime; css=\u00a0\u00bb.vc_custom_1611708256967{margin-top: 50px !important;}\u00a0\u00bb][vc_column_text] Les actions Chez Rempart, nous investissons dans des soci\u00e9t\u00e9s et non dans des march\u00e9s. Pour ce faire, nos gestionnaires principaux s\u2019appuient sur des crit\u00e8res rigoureux pour mener \u00e0 bien leur propre recherche. Leurs analyses sont principalement ax\u00e9es sur la mani\u00e8re dont les soci\u00e9t\u00e9s g\u00e9n\u00e8rent et utilisent leurs flux de tr\u00e9sorerie, une approche \u00ab \u00c0 l\u2019aff\u00fbt de l\u2019encaisse \u00bb. En g\u00e9n\u00e9ral, les soci\u00e9t\u00e9s qui d\u00e9tiennent le plus de flux de tr\u00e9sorerie disponibles sont celles qui proviennent des secteurs non cycliques. En plus d\u2019\u00eatre chefs de file dans leur industrie, ces soci\u00e9t\u00e9s poss\u00e8dent une croissance stable et constante ainsi qu\u2019un bilan solide et sont men\u00e9es par des dirigeants chevronn\u00e9s. Le concept appel\u00e9 \u00ab \u00c0 l\u2019aff\u00fbt de l\u2019encaisse \u00bb va [&hellip;]<\/p>\n","protected":false},"author":88889,"featured_media":0,"parent":0,"menu_order":2,"comment_status":"closed","ping_status":"closed","template":"","meta":{"footnotes":""},"yoast_head":"<!-- This site is optimized with the Yoast SEO plugin v21.5 - https:\/\/yoast.com\/wordpress\/plugins\/seo\/ -->\n<title>Philosophie - Gestion de placements Rempart<\/title>\n<meta name=\"robots\" content=\"index, follow, max-snippet:-1, max-image-preview:large, max-video-preview:-1\" \/>\n<link rel=\"canonical\" href=\"https:\/\/rempart.ca\/fr\/philosophie\/\" \/>\n<meta property=\"og:locale\" content=\"fr_FR\" \/>\n<meta property=\"og:type\" content=\"article\" \/>\n<meta property=\"og:title\" content=\"Philosophie - Gestion de placements Rempart\" \/>\n<meta property=\"og:description\" content=\"[vc_row][vc_column width=\u00a0\u00bb1\/1&Prime;][vc_column_text] Notre approche cr\u00e9ative en ce qui a trait \u00e0 la gestion de portefeuille nous permet de trouver un \u00e9quilibre entre le rendement sup\u00e9rieur \u00e0 long terme et l\u2019exposition minime au risque. L\u2019exp\u00e9rience et la connaissance approfondie du domaine que les membres de notre \u00e9quipe de placement poss\u00e8dent nous permettent d\u2019\u00eatre proactifs dans la gestion des portefeuilles. La discipline, l\u2019\u00e9coute, la patience et une saine gestion des risques sont les fondements de notre style de placement. [\/vc_column_text][\/vc_column][\/vc_row][vc_row][vc_column width=\u00a0\u00bb1\/1&Prime;][vc_separator border_width=\u00a0\u00bb5&Prime; css=\u00a0\u00bb.vc_custom_1611708256967{margin-top: 50px !important;}\u00a0\u00bb][vc_column_text] Les actions Chez Rempart, nous investissons dans des soci\u00e9t\u00e9s et non dans des march\u00e9s. Pour ce faire, nos gestionnaires principaux s\u2019appuient sur des crit\u00e8res rigoureux pour mener \u00e0 bien leur propre recherche. Leurs analyses sont principalement ax\u00e9es sur la mani\u00e8re dont les soci\u00e9t\u00e9s g\u00e9n\u00e8rent et utilisent leurs flux de tr\u00e9sorerie, une approche \u00ab \u00c0 l\u2019aff\u00fbt de l\u2019encaisse \u00bb. En g\u00e9n\u00e9ral, les soci\u00e9t\u00e9s qui d\u00e9tiennent le plus de flux de tr\u00e9sorerie disponibles sont celles qui proviennent des secteurs non cycliques. En plus d\u2019\u00eatre chefs de file dans leur industrie, ces soci\u00e9t\u00e9s poss\u00e8dent une croissance stable et constante ainsi qu\u2019un bilan solide et sont men\u00e9es par des dirigeants chevronn\u00e9s. Le concept appel\u00e9 \u00ab \u00c0 l\u2019aff\u00fbt de l\u2019encaisse \u00bb va [&hellip;]\" \/>\n<meta property=\"og:url\" content=\"https:\/\/rempart.ca\/fr\/philosophie\/\" \/>\n<meta property=\"og:site_name\" content=\"Gestion de placements Rempart\" \/>\n<meta property=\"article:modified_time\" content=\"2021-01-27T01:41:22+00:00\" \/>\n<meta property=\"og:image\" content=\"http:\/\/rempart.ca\/wp-content\/uploads\/2021\/01\/Rempart_233.jpg\" \/>\n<meta name=\"twitter:card\" content=\"summary_large_image\" \/>\n<meta name=\"twitter:label1\" content=\"Dur\u00e9e de lecture estim\u00e9e\" \/>\n\t<meta name=\"twitter:data1\" content=\"5 minutes\" \/>\n<script type=\"application\/ld+json\" class=\"yoast-schema-graph\">{\"@context\":\"https:\/\/schema.org\",\"@graph\":[{\"@type\":\"WebPage\",\"@id\":\"https:\/\/rempart.ca\/fr\/philosophie\/\",\"url\":\"https:\/\/rempart.ca\/fr\/philosophie\/\",\"name\":\"Philosophie - Gestion de placements Rempart\",\"isPartOf\":{\"@id\":\"https:\/\/rempart.ca\/fr\/#website\"},\"datePublished\":\"2011-07-22T13:54:25+00:00\",\"dateModified\":\"2021-01-27T01:41:22+00:00\",\"breadcrumb\":{\"@id\":\"https:\/\/rempart.ca\/fr\/philosophie\/#breadcrumb\"},\"inLanguage\":\"fr-FR\",\"potentialAction\":[{\"@type\":\"ReadAction\",\"target\":[\"https:\/\/rempart.ca\/fr\/philosophie\/\"]}]},{\"@type\":\"BreadcrumbList\",\"@id\":\"https:\/\/rempart.ca\/fr\/philosophie\/#breadcrumb\",\"itemListElement\":[{\"@type\":\"ListItem\",\"position\":1,\"name\":\"Home\",\"item\":\"https:\/\/rempart.ca\/fr\/\"},{\"@type\":\"ListItem\",\"position\":2,\"name\":\"Philosophie\"}]},{\"@type\":\"WebSite\",\"@id\":\"https:\/\/rempart.ca\/fr\/#website\",\"url\":\"https:\/\/rempart.ca\/fr\/\",\"name\":\"Rempart\",\"description\":\"Asset Management\",\"publisher\":{\"@id\":\"https:\/\/rempart.ca\/fr\/#organization\"},\"potentialAction\":[{\"@type\":\"SearchAction\",\"target\":{\"@type\":\"EntryPoint\",\"urlTemplate\":\"https:\/\/rempart.ca\/fr\/?s={search_term_string}\"},\"query-input\":\"required name=search_term_string\"}],\"inLanguage\":\"fr-FR\"},{\"@type\":\"Organization\",\"@id\":\"https:\/\/rempart.ca\/fr\/#organization\",\"name\":\"Gestion de placements Rempart\",\"url\":\"https:\/\/rempart.ca\/fr\/\",\"logo\":{\"@type\":\"ImageObject\",\"inLanguage\":\"fr-FR\",\"@id\":\"https:\/\/rempart.ca\/fr\/#\/schema\/logo\/image\/\",\"url\":\"https:\/\/rempart.ca\/wp-content\/uploads\/2021\/01\/Rempart-Logo.jpg\",\"contentUrl\":\"https:\/\/rempart.ca\/wp-content\/uploads\/2021\/01\/Rempart-Logo.jpg\",\"width\":251,\"height\":200,\"caption\":\"Gestion de placements Rempart\"},\"image\":{\"@id\":\"https:\/\/rempart.ca\/fr\/#\/schema\/logo\/image\/\"}}]}<\/script>\n<!-- \/ Yoast SEO plugin. -->","yoast_head_json":{"title":"Philosophie - Gestion de placements Rempart","robots":{"index":"index","follow":"follow","max-snippet":"max-snippet:-1","max-image-preview":"max-image-preview:large","max-video-preview":"max-video-preview:-1"},"canonical":"https:\/\/rempart.ca\/fr\/philosophie\/","og_locale":"fr_FR","og_type":"article","og_title":"Philosophie - Gestion de placements Rempart","og_description":"[vc_row][vc_column width=\u00a0\u00bb1\/1&Prime;][vc_column_text] Notre approche cr\u00e9ative en ce qui a trait \u00e0 la gestion de portefeuille nous permet de trouver un \u00e9quilibre entre le rendement sup\u00e9rieur \u00e0 long terme et l\u2019exposition minime au risque. L\u2019exp\u00e9rience et la connaissance approfondie du domaine que les membres de notre \u00e9quipe de placement poss\u00e8dent nous permettent d\u2019\u00eatre proactifs dans la gestion des portefeuilles. La discipline, l\u2019\u00e9coute, la patience et une saine gestion des risques sont les fondements de notre style de placement. [\/vc_column_text][\/vc_column][\/vc_row][vc_row][vc_column width=\u00a0\u00bb1\/1&Prime;][vc_separator border_width=\u00a0\u00bb5&Prime; css=\u00a0\u00bb.vc_custom_1611708256967{margin-top: 50px !important;}\u00a0\u00bb][vc_column_text] Les actions Chez Rempart, nous investissons dans des soci\u00e9t\u00e9s et non dans des march\u00e9s. Pour ce faire, nos gestionnaires principaux s\u2019appuient sur des crit\u00e8res rigoureux pour mener \u00e0 bien leur propre recherche. Leurs analyses sont principalement ax\u00e9es sur la mani\u00e8re dont les soci\u00e9t\u00e9s g\u00e9n\u00e8rent et utilisent leurs flux de tr\u00e9sorerie, une approche \u00ab \u00c0 l\u2019aff\u00fbt de l\u2019encaisse \u00bb. En g\u00e9n\u00e9ral, les soci\u00e9t\u00e9s qui d\u00e9tiennent le plus de flux de tr\u00e9sorerie disponibles sont celles qui proviennent des secteurs non cycliques. En plus d\u2019\u00eatre chefs de file dans leur industrie, ces soci\u00e9t\u00e9s poss\u00e8dent une croissance stable et constante ainsi qu\u2019un bilan solide et sont men\u00e9es par des dirigeants chevronn\u00e9s. Le concept appel\u00e9 \u00ab \u00c0 l\u2019aff\u00fbt de l\u2019encaisse \u00bb va [&hellip;]","og_url":"https:\/\/rempart.ca\/fr\/philosophie\/","og_site_name":"Gestion de placements Rempart","article_modified_time":"2021-01-27T01:41:22+00:00","og_image":[{"url":"http:\/\/rempart.ca\/wp-content\/uploads\/2021\/01\/Rempart_233.jpg"}],"twitter_card":"summary_large_image","twitter_misc":{"Dur\u00e9e de lecture estim\u00e9e":"5 minutes"},"schema":{"@context":"https:\/\/schema.org","@graph":[{"@type":"WebPage","@id":"https:\/\/rempart.ca\/fr\/philosophie\/","url":"https:\/\/rempart.ca\/fr\/philosophie\/","name":"Philosophie - Gestion de placements Rempart","isPartOf":{"@id":"https:\/\/rempart.ca\/fr\/#website"},"datePublished":"2011-07-22T13:54:25+00:00","dateModified":"2021-01-27T01:41:22+00:00","breadcrumb":{"@id":"https:\/\/rempart.ca\/fr\/philosophie\/#breadcrumb"},"inLanguage":"fr-FR","potentialAction":[{"@type":"ReadAction","target":["https:\/\/rempart.ca\/fr\/philosophie\/"]}]},{"@type":"BreadcrumbList","@id":"https:\/\/rempart.ca\/fr\/philosophie\/#breadcrumb","itemListElement":[{"@type":"ListItem","position":1,"name":"Home","item":"https:\/\/rempart.ca\/fr\/"},{"@type":"ListItem","position":2,"name":"Philosophie"}]},{"@type":"WebSite","@id":"https:\/\/rempart.ca\/fr\/#website","url":"https:\/\/rempart.ca\/fr\/","name":"Rempart","description":"Asset Management","publisher":{"@id":"https:\/\/rempart.ca\/fr\/#organization"},"potentialAction":[{"@type":"SearchAction","target":{"@type":"EntryPoint","urlTemplate":"https:\/\/rempart.ca\/fr\/?s={search_term_string}"},"query-input":"required name=search_term_string"}],"inLanguage":"fr-FR"},{"@type":"Organization","@id":"https:\/\/rempart.ca\/fr\/#organization","name":"Gestion de placements Rempart","url":"https:\/\/rempart.ca\/fr\/","logo":{"@type":"ImageObject","inLanguage":"fr-FR","@id":"https:\/\/rempart.ca\/fr\/#\/schema\/logo\/image\/","url":"https:\/\/rempart.ca\/wp-content\/uploads\/2021\/01\/Rempart-Logo.jpg","contentUrl":"https:\/\/rempart.ca\/wp-content\/uploads\/2021\/01\/Rempart-Logo.jpg","width":251,"height":200,"caption":"Gestion de placements Rempart"},"image":{"@id":"https:\/\/rempart.ca\/fr\/#\/schema\/logo\/image\/"}}]}},"_links":{"self":[{"href":"https:\/\/rempart.ca\/fr\/wp-json\/wp\/v2\/pages\/363"}],"collection":[{"href":"https:\/\/rempart.ca\/fr\/wp-json\/wp\/v2\/pages"}],"about":[{"href":"https:\/\/rempart.ca\/fr\/wp-json\/wp\/v2\/types\/page"}],"author":[{"embeddable":true,"href":"https:\/\/rempart.ca\/fr\/wp-json\/wp\/v2\/users\/88889"}],"replies":[{"embeddable":true,"href":"https:\/\/rempart.ca\/fr\/wp-json\/wp\/v2\/comments?post=363"}],"version-history":[{"count":5,"href":"https:\/\/rempart.ca\/fr\/wp-json\/wp\/v2\/pages\/363\/revisions"}],"predecessor-version":[{"id":905,"href":"https:\/\/rempart.ca\/fr\/wp-json\/wp\/v2\/pages\/363\/revisions\/905"}],"wp:attachment":[{"href":"https:\/\/rempart.ca\/fr\/wp-json\/wp\/v2\/media?parent=363"}],"curies":[{"name":"wp","href":"https:\/\/api.w.org\/{rel}","templated":true}]}}