{"id":365,"date":"2011-07-22T13:55:30","date_gmt":"2011-07-22T13:55:30","guid":{"rendered":"http:\/\/rempart.ca\/?page_id=365"},"modified":"2021-01-27T01:42:45","modified_gmt":"2021-01-27T01:42:45","slug":"service","status":"publish","type":"page","link":"https:\/\/rempart.ca\/fr\/service\/","title":{"rendered":"Service"},"content":{"rendered":"<p>[vc_row][vc_column][vc_column_text]<\/p>\n<h4><strong>Tout comme notre approche en placement, nous offrons \u00e0 nos clients un service hautement personnalis\u00e9. Ce service inclut la pr\u00e9paration de rapports pr\u00e9cis et ponctuels, la gestion efficace relativement aux questions administratives et surtout la grande disponibilit\u00e9 des \u00ab d\u00e9cideurs \u00bb qui sont les gestionnaires de portefeuille principaux de Rempart.<\/strong><\/h4>\n<p>Une relation \u00e9troite entre nos clients et nos gestionnaires de portefeuille nous assure d\u2019une gestion de placement mieux personnalis\u00e9e, tant au niveau de l\u2019\u00e9laboration d\u2019une politique de placement propre \u00e0 chacun qu\u2019\u00e0 la s\u00e9lection m\u00eame des titres.<\/p>\n<p>Nous privil\u00e9gions des rencontres r\u00e9guli\u00e8res avec nos clients, ce qui nous permet de voir \u00e0 ce que leurs objectifs soient atteints.<\/p>\n<p>Le portefeuille de chaque client est g\u00e9r\u00e9 par deux gestionnaires de portefeuille de Rempart pour s\u2019assurer d\u2019une grande qualit\u00e9 de service et afin de bien se familiariser avec leurs besoins particuliers.<\/p>\n<p>L\u2019information financi\u00e8re de nos clients est gard\u00e9e dans la plus stricte confidentialit\u00e9.<\/p>\n<p>Nous produisons des rapports trimestriels qui comprennent des \u00e9valuations d\u00e9taill\u00e9es de chaque portefeuille comme, entre autres, la liste de tous les titres et leur valeur comptable et marchande. Nos rapports peuvent \u00eatre adapt\u00e9s selon les besoins de nos clients. Ils peuvent \u00eatre consolid\u00e9s de fa\u00e7on \u00e0 procurer une vue d\u2019ensemble de la position financi\u00e8re d\u2019un client.<\/p>\n<p>Les rapports peuvent \u00eatre pr\u00e9par\u00e9s individuellement, car ceux-ci peuvent comporter des objectifs de placement diff\u00e9rents (comme les fonds d\u2019\u00e9ducation), n\u00e9cessitant ainsi une \u00e9valuation distincte.[\/vc_column_text][\/vc_column][\/vc_row]<\/p>\n","protected":false},"excerpt":{"rendered":"<p>[vc_row][vc_column][vc_column_text] Tout comme notre approche en placement, nous offrons \u00e0 nos clients un service hautement personnalis\u00e9. Ce service inclut la pr\u00e9paration de rapports pr\u00e9cis et ponctuels, la gestion efficace relativement aux questions administratives et surtout la grande disponibilit\u00e9 des \u00ab d\u00e9cideurs \u00bb qui sont les gestionnaires de portefeuille principaux de Rempart. Une relation \u00e9troite entre nos clients et nos gestionnaires de portefeuille nous assure d\u2019une gestion de placement mieux personnalis\u00e9e, tant au niveau de l\u2019\u00e9laboration d\u2019une politique de placement propre \u00e0 chacun qu\u2019\u00e0 la s\u00e9lection m\u00eame des titres. Nous privil\u00e9gions des rencontres r\u00e9guli\u00e8res avec nos clients, ce qui nous permet de voir \u00e0 ce que leurs objectifs soient atteints. Le portefeuille de chaque client est g\u00e9r\u00e9 par deux gestionnaires de portefeuille de Rempart pour s\u2019assurer d\u2019une grande qualit\u00e9 de service et afin de bien se familiariser avec leurs besoins particuliers. L\u2019information financi\u00e8re de nos clients est gard\u00e9e dans la plus stricte confidentialit\u00e9. Nous produisons des rapports trimestriels qui comprennent des \u00e9valuations d\u00e9taill\u00e9es de chaque portefeuille comme, entre autres, la liste de tous les titres et leur valeur comptable et marchande. Nos rapports peuvent \u00eatre adapt\u00e9s selon les besoins de nos clients. Ils peuvent \u00eatre consolid\u00e9s de fa\u00e7on \u00e0 procurer une [&hellip;]<\/p>\n","protected":false},"author":88889,"featured_media":0,"parent":0,"menu_order":4,"comment_status":"closed","ping_status":"closed","template":"","meta":{"footnotes":""},"yoast_head":"<!-- This site is optimized with the Yoast SEO plugin v21.5 - https:\/\/yoast.com\/wordpress\/plugins\/seo\/ -->\n<title>Service - Gestion de placements Rempart<\/title>\n<meta name=\"robots\" content=\"index, follow, max-snippet:-1, max-image-preview:large, max-video-preview:-1\" \/>\n<link rel=\"canonical\" href=\"https:\/\/rempart.ca\/fr\/service\/\" \/>\n<meta property=\"og:locale\" content=\"fr_FR\" \/>\n<meta property=\"og:type\" content=\"article\" \/>\n<meta property=\"og:title\" content=\"Service - Gestion de placements Rempart\" \/>\n<meta property=\"og:description\" content=\"[vc_row][vc_column][vc_column_text] Tout comme notre approche en placement, nous offrons \u00e0 nos clients un service hautement personnalis\u00e9. Ce service inclut la pr\u00e9paration de rapports pr\u00e9cis et ponctuels, la gestion efficace relativement aux questions administratives et surtout la grande disponibilit\u00e9 des \u00ab d\u00e9cideurs \u00bb qui sont les gestionnaires de portefeuille principaux de Rempart. Une relation \u00e9troite entre nos clients et nos gestionnaires de portefeuille nous assure d\u2019une gestion de placement mieux personnalis\u00e9e, tant au niveau de l\u2019\u00e9laboration d\u2019une politique de placement propre \u00e0 chacun qu\u2019\u00e0 la s\u00e9lection m\u00eame des titres. Nous privil\u00e9gions des rencontres r\u00e9guli\u00e8res avec nos clients, ce qui nous permet de voir \u00e0 ce que leurs objectifs soient atteints. Le portefeuille de chaque client est g\u00e9r\u00e9 par deux gestionnaires de portefeuille de Rempart pour s\u2019assurer d\u2019une grande qualit\u00e9 de service et afin de bien se familiariser avec leurs besoins particuliers. L\u2019information financi\u00e8re de nos clients est gard\u00e9e dans la plus stricte confidentialit\u00e9. Nous produisons des rapports trimestriels qui comprennent des \u00e9valuations d\u00e9taill\u00e9es de chaque portefeuille comme, entre autres, la liste de tous les titres et leur valeur comptable et marchande. Nos rapports peuvent \u00eatre adapt\u00e9s selon les besoins de nos clients. Ils peuvent \u00eatre consolid\u00e9s de fa\u00e7on \u00e0 procurer une [&hellip;]\" \/>\n<meta property=\"og:url\" content=\"https:\/\/rempart.ca\/fr\/service\/\" \/>\n<meta property=\"og:site_name\" content=\"Gestion de placements Rempart\" \/>\n<meta property=\"article:modified_time\" content=\"2021-01-27T01:42:45+00:00\" \/>\n<meta name=\"twitter:card\" content=\"summary_large_image\" \/>\n<meta name=\"twitter:label1\" content=\"Dur\u00e9e de lecture estim\u00e9e\" \/>\n\t<meta name=\"twitter:data1\" content=\"1 minute\" \/>\n<script type=\"application\/ld+json\" class=\"yoast-schema-graph\">{\"@context\":\"https:\/\/schema.org\",\"@graph\":[{\"@type\":\"WebPage\",\"@id\":\"https:\/\/rempart.ca\/fr\/service\/\",\"url\":\"https:\/\/rempart.ca\/fr\/service\/\",\"name\":\"Service - Gestion de placements Rempart\",\"isPartOf\":{\"@id\":\"https:\/\/rempart.ca\/fr\/#website\"},\"datePublished\":\"2011-07-22T13:55:30+00:00\",\"dateModified\":\"2021-01-27T01:42:45+00:00\",\"breadcrumb\":{\"@id\":\"https:\/\/rempart.ca\/fr\/service\/#breadcrumb\"},\"inLanguage\":\"fr-FR\",\"potentialAction\":[{\"@type\":\"ReadAction\",\"target\":[\"https:\/\/rempart.ca\/fr\/service\/\"]}]},{\"@type\":\"BreadcrumbList\",\"@id\":\"https:\/\/rempart.ca\/fr\/service\/#breadcrumb\",\"itemListElement\":[{\"@type\":\"ListItem\",\"position\":1,\"name\":\"Home\",\"item\":\"https:\/\/rempart.ca\/fr\/\"},{\"@type\":\"ListItem\",\"position\":2,\"name\":\"Service\"}]},{\"@type\":\"WebSite\",\"@id\":\"https:\/\/rempart.ca\/fr\/#website\",\"url\":\"https:\/\/rempart.ca\/fr\/\",\"name\":\"Rempart\",\"description\":\"Asset Management\",\"publisher\":{\"@id\":\"https:\/\/rempart.ca\/fr\/#organization\"},\"potentialAction\":[{\"@type\":\"SearchAction\",\"target\":{\"@type\":\"EntryPoint\",\"urlTemplate\":\"https:\/\/rempart.ca\/fr\/?s={search_term_string}\"},\"query-input\":\"required name=search_term_string\"}],\"inLanguage\":\"fr-FR\"},{\"@type\":\"Organization\",\"@id\":\"https:\/\/rempart.ca\/fr\/#organization\",\"name\":\"Gestion de placements Rempart\",\"url\":\"https:\/\/rempart.ca\/fr\/\",\"logo\":{\"@type\":\"ImageObject\",\"inLanguage\":\"fr-FR\",\"@id\":\"https:\/\/rempart.ca\/fr\/#\/schema\/logo\/image\/\",\"url\":\"https:\/\/rempart.ca\/wp-content\/uploads\/2021\/01\/Rempart-Logo.jpg\",\"contentUrl\":\"https:\/\/rempart.ca\/wp-content\/uploads\/2021\/01\/Rempart-Logo.jpg\",\"width\":251,\"height\":200,\"caption\":\"Gestion de placements Rempart\"},\"image\":{\"@id\":\"https:\/\/rempart.ca\/fr\/#\/schema\/logo\/image\/\"}}]}<\/script>\n<!-- \/ Yoast SEO plugin. -->","yoast_head_json":{"title":"Service - Gestion de placements Rempart","robots":{"index":"index","follow":"follow","max-snippet":"max-snippet:-1","max-image-preview":"max-image-preview:large","max-video-preview":"max-video-preview:-1"},"canonical":"https:\/\/rempart.ca\/fr\/service\/","og_locale":"fr_FR","og_type":"article","og_title":"Service - Gestion de placements Rempart","og_description":"[vc_row][vc_column][vc_column_text] Tout comme notre approche en placement, nous offrons \u00e0 nos clients un service hautement personnalis\u00e9. Ce service inclut la pr\u00e9paration de rapports pr\u00e9cis et ponctuels, la gestion efficace relativement aux questions administratives et surtout la grande disponibilit\u00e9 des \u00ab d\u00e9cideurs \u00bb qui sont les gestionnaires de portefeuille principaux de Rempart. Une relation \u00e9troite entre nos clients et nos gestionnaires de portefeuille nous assure d\u2019une gestion de placement mieux personnalis\u00e9e, tant au niveau de l\u2019\u00e9laboration d\u2019une politique de placement propre \u00e0 chacun qu\u2019\u00e0 la s\u00e9lection m\u00eame des titres. Nous privil\u00e9gions des rencontres r\u00e9guli\u00e8res avec nos clients, ce qui nous permet de voir \u00e0 ce que leurs objectifs soient atteints. Le portefeuille de chaque client est g\u00e9r\u00e9 par deux gestionnaires de portefeuille de Rempart pour s\u2019assurer d\u2019une grande qualit\u00e9 de service et afin de bien se familiariser avec leurs besoins particuliers. L\u2019information financi\u00e8re de nos clients est gard\u00e9e dans la plus stricte confidentialit\u00e9. Nous produisons des rapports trimestriels qui comprennent des \u00e9valuations d\u00e9taill\u00e9es de chaque portefeuille comme, entre autres, la liste de tous les titres et leur valeur comptable et marchande. Nos rapports peuvent \u00eatre adapt\u00e9s selon les besoins de nos clients. Ils peuvent \u00eatre consolid\u00e9s de fa\u00e7on \u00e0 procurer une [&hellip;]","og_url":"https:\/\/rempart.ca\/fr\/service\/","og_site_name":"Gestion de placements Rempart","article_modified_time":"2021-01-27T01:42:45+00:00","twitter_card":"summary_large_image","twitter_misc":{"Dur\u00e9e de lecture estim\u00e9e":"1 minute"},"schema":{"@context":"https:\/\/schema.org","@graph":[{"@type":"WebPage","@id":"https:\/\/rempart.ca\/fr\/service\/","url":"https:\/\/rempart.ca\/fr\/service\/","name":"Service - Gestion de placements Rempart","isPartOf":{"@id":"https:\/\/rempart.ca\/fr\/#website"},"datePublished":"2011-07-22T13:55:30+00:00","dateModified":"2021-01-27T01:42:45+00:00","breadcrumb":{"@id":"https:\/\/rempart.ca\/fr\/service\/#breadcrumb"},"inLanguage":"fr-FR","potentialAction":[{"@type":"ReadAction","target":["https:\/\/rempart.ca\/fr\/service\/"]}]},{"@type":"BreadcrumbList","@id":"https:\/\/rempart.ca\/fr\/service\/#breadcrumb","itemListElement":[{"@type":"ListItem","position":1,"name":"Home","item":"https:\/\/rempart.ca\/fr\/"},{"@type":"ListItem","position":2,"name":"Service"}]},{"@type":"WebSite","@id":"https:\/\/rempart.ca\/fr\/#website","url":"https:\/\/rempart.ca\/fr\/","name":"Rempart","description":"Asset Management","publisher":{"@id":"https:\/\/rempart.ca\/fr\/#organization"},"potentialAction":[{"@type":"SearchAction","target":{"@type":"EntryPoint","urlTemplate":"https:\/\/rempart.ca\/fr\/?s={search_term_string}"},"query-input":"required name=search_term_string"}],"inLanguage":"fr-FR"},{"@type":"Organization","@id":"https:\/\/rempart.ca\/fr\/#organization","name":"Gestion de placements Rempart","url":"https:\/\/rempart.ca\/fr\/","logo":{"@type":"ImageObject","inLanguage":"fr-FR","@id":"https:\/\/rempart.ca\/fr\/#\/schema\/logo\/image\/","url":"https:\/\/rempart.ca\/wp-content\/uploads\/2021\/01\/Rempart-Logo.jpg","contentUrl":"https:\/\/rempart.ca\/wp-content\/uploads\/2021\/01\/Rempart-Logo.jpg","width":251,"height":200,"caption":"Gestion de placements Rempart"},"image":{"@id":"https:\/\/rempart.ca\/fr\/#\/schema\/logo\/image\/"}}]}},"_links":{"self":[{"href":"https:\/\/rempart.ca\/fr\/wp-json\/wp\/v2\/pages\/365"}],"collection":[{"href":"https:\/\/rempart.ca\/fr\/wp-json\/wp\/v2\/pages"}],"about":[{"href":"https:\/\/rempart.ca\/fr\/wp-json\/wp\/v2\/types\/page"}],"author":[{"embeddable":true,"href":"https:\/\/rempart.ca\/fr\/wp-json\/wp\/v2\/users\/88889"}],"replies":[{"embeddable":true,"href":"https:\/\/rempart.ca\/fr\/wp-json\/wp\/v2\/comments?post=365"}],"version-history":[{"count":4,"href":"https:\/\/rempart.ca\/fr\/wp-json\/wp\/v2\/pages\/365\/revisions"}],"predecessor-version":[{"id":906,"href":"https:\/\/rempart.ca\/fr\/wp-json\/wp\/v2\/pages\/365\/revisions\/906"}],"wp:attachment":[{"href":"https:\/\/rempart.ca\/fr\/wp-json\/wp\/v2\/media?parent=365"}],"curies":[{"name":"wp","href":"https:\/\/api.w.org\/{rel}","templated":true}]}}