{"id":369,"date":"2011-07-22T13:57:13","date_gmt":"2011-07-22T13:57:13","guid":{"rendered":"http:\/\/rempart.ca\/?page_id=369"},"modified":"2021-05-07T17:40:03","modified_gmt":"2021-05-07T17:40:03","slug":"gouvernance","status":"publish","type":"page","link":"https:\/\/rempart.ca\/fr\/gouvernance\/","title":{"rendered":"Gouvernance"},"content":{"rendered":"<p>[vc_row][vc_column][vc_column_text]L\u2019enregistrement principal de Rempart est aupr\u00e8s de l\u2019Autorit\u00e9 des march\u00e9s financiers (l\u2019\u00abAMF\u00bb) de la province de Qu\u00e9bec.<\/p>\n<p>Rempart est \u00e9galement enregistr\u00e9e aupr\u00e8s des provinces canadiennes suivantes : l\u2019Ontario, Manitoba, l\u2019Alberta, et la Colombie-Britannique.<\/p>\n<p>Rempart est enregistr\u00e9e aupr\u00e8s de la Commission des valeurs mobili\u00e8res des \u00c9tats-Unis (la \u00abSEC\u00bb) et peut servir les clients de n\u2019importe quel \u00c9tat.<\/p>\n<p>Tous les gestionnaires de portefeuille de Rempart sont enregistr\u00e9s aupr\u00e8s de tous les territoires canadiens et am\u00e9ricains mentionn\u00e9s ci-dessus.<\/p>\n<p>Tout le personnel de Rempart se conforme au Code d\u2019\u00e9thique et normes de conduite professionnelle du CFA Institute. De plus, Rempart a mis en place des politiques et proc\u00e9dures pour s\u2019assurer que tous les portefeuilles sont g\u00e9r\u00e9s de fa\u00e7on \u00e9quitable et selon une approche client.<\/p>\n<p>La garde des valeurs est faite par un gardien tiers avec lequel Rempart poss\u00e8de des relations professionnelles de longue date.<\/p>\n<p>Les gardiens avec lesquels Rempart traite sont tous d\u00fbment enregistr\u00e9s aupr\u00e8s de l\u2019Organisme canadien de r\u00e9glementation du commerce des valeurs mobili\u00e8res. Cet organisme d\u2019autor\u00e9glementation r\u00e9git les maisons de courtage de valeurs au Canada.<\/p>\n<p>Les \u00e9tats financiers de Rempart sont v\u00e9rifi\u00e9s annuellement par Richter LLP.<\/p>\n<p>Le conseiller juridique de Rempart est Dentons Canada LLP.[\/vc_column_text][\/vc_column][\/vc_row]<\/p>\n","protected":false},"excerpt":{"rendered":"<p>[vc_row][vc_column][vc_column_text]L\u2019enregistrement principal de Rempart est aupr\u00e8s de l\u2019Autorit\u00e9 des march\u00e9s financiers (l\u2019\u00abAMF\u00bb) de la province de Qu\u00e9bec. Rempart est \u00e9galement enregistr\u00e9e aupr\u00e8s des provinces canadiennes suivantes : l\u2019Ontario, Manitoba, l\u2019Alberta, et la Colombie-Britannique. Rempart est enregistr\u00e9e aupr\u00e8s de la Commission des valeurs mobili\u00e8res des \u00c9tats-Unis (la \u00abSEC\u00bb) et peut servir les clients de n\u2019importe quel \u00c9tat. Tous les gestionnaires de portefeuille de Rempart sont enregistr\u00e9s aupr\u00e8s de tous les territoires canadiens et am\u00e9ricains mentionn\u00e9s ci-dessus. Tout le personnel de Rempart se conforme au Code d\u2019\u00e9thique et normes de conduite professionnelle du CFA Institute. De plus, Rempart a mis en place des politiques et proc\u00e9dures pour s\u2019assurer que tous les portefeuilles sont g\u00e9r\u00e9s de fa\u00e7on \u00e9quitable et selon une approche client. La garde des valeurs est faite par un gardien tiers avec lequel Rempart poss\u00e8de des relations professionnelles de longue date. Les gardiens avec lesquels Rempart traite sont tous d\u00fbment enregistr\u00e9s aupr\u00e8s de l\u2019Organisme canadien de r\u00e9glementation du commerce des valeurs mobili\u00e8res. Cet organisme d\u2019autor\u00e9glementation r\u00e9git les maisons de courtage de valeurs au Canada. Les \u00e9tats financiers de Rempart sont v\u00e9rifi\u00e9s annuellement par Richter LLP. Le conseiller juridique de Rempart est Dentons Canada LLP.[\/vc_column_text][\/vc_column][\/vc_row]<\/p>\n","protected":false},"author":88889,"featured_media":0,"parent":0,"menu_order":5,"comment_status":"closed","ping_status":"open","template":"","meta":{"footnotes":""},"yoast_head":"<!-- This site is optimized with the Yoast SEO plugin v21.5 - https:\/\/yoast.com\/wordpress\/plugins\/seo\/ -->\n<title>Gouvernance - Gestion de placements Rempart<\/title>\n<meta name=\"robots\" content=\"index, follow, max-snippet:-1, max-image-preview:large, max-video-preview:-1\" \/>\n<link rel=\"canonical\" href=\"https:\/\/rempart.ca\/fr\/gouvernance\/\" \/>\n<meta property=\"og:locale\" content=\"fr_FR\" \/>\n<meta property=\"og:type\" content=\"article\" \/>\n<meta property=\"og:title\" content=\"Gouvernance - Gestion de placements Rempart\" \/>\n<meta property=\"og:description\" content=\"[vc_row][vc_column][vc_column_text]L\u2019enregistrement principal de Rempart est aupr\u00e8s de l\u2019Autorit\u00e9 des march\u00e9s financiers (l\u2019\u00abAMF\u00bb) de la province de Qu\u00e9bec. Rempart est \u00e9galement enregistr\u00e9e aupr\u00e8s des provinces canadiennes suivantes : l\u2019Ontario, Manitoba, l\u2019Alberta, et la Colombie-Britannique. Rempart est enregistr\u00e9e aupr\u00e8s de la Commission des valeurs mobili\u00e8res des \u00c9tats-Unis (la \u00abSEC\u00bb) et peut servir les clients de n\u2019importe quel \u00c9tat. Tous les gestionnaires de portefeuille de Rempart sont enregistr\u00e9s aupr\u00e8s de tous les territoires canadiens et am\u00e9ricains mentionn\u00e9s ci-dessus. Tout le personnel de Rempart se conforme au Code d\u2019\u00e9thique et normes de conduite professionnelle du CFA Institute. De plus, Rempart a mis en place des politiques et proc\u00e9dures pour s\u2019assurer que tous les portefeuilles sont g\u00e9r\u00e9s de fa\u00e7on \u00e9quitable et selon une approche client. La garde des valeurs est faite par un gardien tiers avec lequel Rempart poss\u00e8de des relations professionnelles de longue date. Les gardiens avec lesquels Rempart traite sont tous d\u00fbment enregistr\u00e9s aupr\u00e8s de l\u2019Organisme canadien de r\u00e9glementation du commerce des valeurs mobili\u00e8res. Cet organisme d\u2019autor\u00e9glementation r\u00e9git les maisons de courtage de valeurs au Canada. Les \u00e9tats financiers de Rempart sont v\u00e9rifi\u00e9s annuellement par Richter LLP. Le conseiller juridique de Rempart est Dentons Canada LLP.[\/vc_column_text][\/vc_column][\/vc_row]\" \/>\n<meta property=\"og:url\" content=\"https:\/\/rempart.ca\/fr\/gouvernance\/\" \/>\n<meta property=\"og:site_name\" content=\"Gestion de placements Rempart\" \/>\n<meta property=\"article:modified_time\" content=\"2021-05-07T17:40:03+00:00\" \/>\n<meta name=\"twitter:card\" content=\"summary_large_image\" \/>\n<meta name=\"twitter:label1\" content=\"Dur\u00e9e de lecture estim\u00e9e\" \/>\n\t<meta name=\"twitter:data1\" content=\"1 minute\" \/>\n<script type=\"application\/ld+json\" class=\"yoast-schema-graph\">{\"@context\":\"https:\/\/schema.org\",\"@graph\":[{\"@type\":\"WebPage\",\"@id\":\"https:\/\/rempart.ca\/fr\/gouvernance\/\",\"url\":\"https:\/\/rempart.ca\/fr\/gouvernance\/\",\"name\":\"Gouvernance - Gestion de placements Rempart\",\"isPartOf\":{\"@id\":\"https:\/\/rempart.ca\/fr\/#website\"},\"datePublished\":\"2011-07-22T13:57:13+00:00\",\"dateModified\":\"2021-05-07T17:40:03+00:00\",\"breadcrumb\":{\"@id\":\"https:\/\/rempart.ca\/fr\/gouvernance\/#breadcrumb\"},\"inLanguage\":\"fr-FR\",\"potentialAction\":[{\"@type\":\"ReadAction\",\"target\":[\"https:\/\/rempart.ca\/fr\/gouvernance\/\"]}]},{\"@type\":\"BreadcrumbList\",\"@id\":\"https:\/\/rempart.ca\/fr\/gouvernance\/#breadcrumb\",\"itemListElement\":[{\"@type\":\"ListItem\",\"position\":1,\"name\":\"Home\",\"item\":\"https:\/\/rempart.ca\/fr\/\"},{\"@type\":\"ListItem\",\"position\":2,\"name\":\"Gouvernance\"}]},{\"@type\":\"WebSite\",\"@id\":\"https:\/\/rempart.ca\/fr\/#website\",\"url\":\"https:\/\/rempart.ca\/fr\/\",\"name\":\"Rempart\",\"description\":\"Asset Management\",\"publisher\":{\"@id\":\"https:\/\/rempart.ca\/fr\/#organization\"},\"potentialAction\":[{\"@type\":\"SearchAction\",\"target\":{\"@type\":\"EntryPoint\",\"urlTemplate\":\"https:\/\/rempart.ca\/fr\/?s={search_term_string}\"},\"query-input\":\"required name=search_term_string\"}],\"inLanguage\":\"fr-FR\"},{\"@type\":\"Organization\",\"@id\":\"https:\/\/rempart.ca\/fr\/#organization\",\"name\":\"Gestion de placements Rempart\",\"url\":\"https:\/\/rempart.ca\/fr\/\",\"logo\":{\"@type\":\"ImageObject\",\"inLanguage\":\"fr-FR\",\"@id\":\"https:\/\/rempart.ca\/fr\/#\/schema\/logo\/image\/\",\"url\":\"https:\/\/rempart.ca\/wp-content\/uploads\/2021\/01\/Rempart-Logo.jpg\",\"contentUrl\":\"https:\/\/rempart.ca\/wp-content\/uploads\/2021\/01\/Rempart-Logo.jpg\",\"width\":251,\"height\":200,\"caption\":\"Gestion de placements Rempart\"},\"image\":{\"@id\":\"https:\/\/rempart.ca\/fr\/#\/schema\/logo\/image\/\"}}]}<\/script>\n<!-- \/ Yoast SEO plugin. -->","yoast_head_json":{"title":"Gouvernance - Gestion de placements Rempart","robots":{"index":"index","follow":"follow","max-snippet":"max-snippet:-1","max-image-preview":"max-image-preview:large","max-video-preview":"max-video-preview:-1"},"canonical":"https:\/\/rempart.ca\/fr\/gouvernance\/","og_locale":"fr_FR","og_type":"article","og_title":"Gouvernance - Gestion de placements Rempart","og_description":"[vc_row][vc_column][vc_column_text]L\u2019enregistrement principal de Rempart est aupr\u00e8s de l\u2019Autorit\u00e9 des march\u00e9s financiers (l\u2019\u00abAMF\u00bb) de la province de Qu\u00e9bec. Rempart est \u00e9galement enregistr\u00e9e aupr\u00e8s des provinces canadiennes suivantes : l\u2019Ontario, Manitoba, l\u2019Alberta, et la Colombie-Britannique. Rempart est enregistr\u00e9e aupr\u00e8s de la Commission des valeurs mobili\u00e8res des \u00c9tats-Unis (la \u00abSEC\u00bb) et peut servir les clients de n\u2019importe quel \u00c9tat. Tous les gestionnaires de portefeuille de Rempart sont enregistr\u00e9s aupr\u00e8s de tous les territoires canadiens et am\u00e9ricains mentionn\u00e9s ci-dessus. Tout le personnel de Rempart se conforme au Code d\u2019\u00e9thique et normes de conduite professionnelle du CFA Institute. De plus, Rempart a mis en place des politiques et proc\u00e9dures pour s\u2019assurer que tous les portefeuilles sont g\u00e9r\u00e9s de fa\u00e7on \u00e9quitable et selon une approche client. La garde des valeurs est faite par un gardien tiers avec lequel Rempart poss\u00e8de des relations professionnelles de longue date. Les gardiens avec lesquels Rempart traite sont tous d\u00fbment enregistr\u00e9s aupr\u00e8s de l\u2019Organisme canadien de r\u00e9glementation du commerce des valeurs mobili\u00e8res. Cet organisme d\u2019autor\u00e9glementation r\u00e9git les maisons de courtage de valeurs au Canada. Les \u00e9tats financiers de Rempart sont v\u00e9rifi\u00e9s annuellement par Richter LLP. Le conseiller juridique de Rempart est Dentons Canada LLP.[\/vc_column_text][\/vc_column][\/vc_row]","og_url":"https:\/\/rempart.ca\/fr\/gouvernance\/","og_site_name":"Gestion de placements Rempart","article_modified_time":"2021-05-07T17:40:03+00:00","twitter_card":"summary_large_image","twitter_misc":{"Dur\u00e9e de lecture estim\u00e9e":"1 minute"},"schema":{"@context":"https:\/\/schema.org","@graph":[{"@type":"WebPage","@id":"https:\/\/rempart.ca\/fr\/gouvernance\/","url":"https:\/\/rempart.ca\/fr\/gouvernance\/","name":"Gouvernance - Gestion de placements Rempart","isPartOf":{"@id":"https:\/\/rempart.ca\/fr\/#website"},"datePublished":"2011-07-22T13:57:13+00:00","dateModified":"2021-05-07T17:40:03+00:00","breadcrumb":{"@id":"https:\/\/rempart.ca\/fr\/gouvernance\/#breadcrumb"},"inLanguage":"fr-FR","potentialAction":[{"@type":"ReadAction","target":["https:\/\/rempart.ca\/fr\/gouvernance\/"]}]},{"@type":"BreadcrumbList","@id":"https:\/\/rempart.ca\/fr\/gouvernance\/#breadcrumb","itemListElement":[{"@type":"ListItem","position":1,"name":"Home","item":"https:\/\/rempart.ca\/fr\/"},{"@type":"ListItem","position":2,"name":"Gouvernance"}]},{"@type":"WebSite","@id":"https:\/\/rempart.ca\/fr\/#website","url":"https:\/\/rempart.ca\/fr\/","name":"Rempart","description":"Asset Management","publisher":{"@id":"https:\/\/rempart.ca\/fr\/#organization"},"potentialAction":[{"@type":"SearchAction","target":{"@type":"EntryPoint","urlTemplate":"https:\/\/rempart.ca\/fr\/?s={search_term_string}"},"query-input":"required name=search_term_string"}],"inLanguage":"fr-FR"},{"@type":"Organization","@id":"https:\/\/rempart.ca\/fr\/#organization","name":"Gestion de placements Rempart","url":"https:\/\/rempart.ca\/fr\/","logo":{"@type":"ImageObject","inLanguage":"fr-FR","@id":"https:\/\/rempart.ca\/fr\/#\/schema\/logo\/image\/","url":"https:\/\/rempart.ca\/wp-content\/uploads\/2021\/01\/Rempart-Logo.jpg","contentUrl":"https:\/\/rempart.ca\/wp-content\/uploads\/2021\/01\/Rempart-Logo.jpg","width":251,"height":200,"caption":"Gestion de placements Rempart"},"image":{"@id":"https:\/\/rempart.ca\/fr\/#\/schema\/logo\/image\/"}}]}},"_links":{"self":[{"href":"https:\/\/rempart.ca\/fr\/wp-json\/wp\/v2\/pages\/369"}],"collection":[{"href":"https:\/\/rempart.ca\/fr\/wp-json\/wp\/v2\/pages"}],"about":[{"href":"https:\/\/rempart.ca\/fr\/wp-json\/wp\/v2\/types\/page"}],"author":[{"embeddable":true,"href":"https:\/\/rempart.ca\/fr\/wp-json\/wp\/v2\/users\/88889"}],"replies":[{"embeddable":true,"href":"https:\/\/rempart.ca\/fr\/wp-json\/wp\/v2\/comments?post=369"}],"version-history":[{"count":7,"href":"https:\/\/rempart.ca\/fr\/wp-json\/wp\/v2\/pages\/369\/revisions"}],"predecessor-version":[{"id":941,"href":"https:\/\/rempart.ca\/fr\/wp-json\/wp\/v2\/pages\/369\/revisions\/941"}],"wp:attachment":[{"href":"https:\/\/rempart.ca\/fr\/wp-json\/wp\/v2\/media?parent=369"}],"curies":[{"name":"wp","href":"https:\/\/api.w.org\/{rel}","templated":true}]}}