{"id":382,"date":"2011-07-22T14:08:18","date_gmt":"2011-07-22T14:08:18","guid":{"rendered":"http:\/\/rempart.ca\/?page_id=382"},"modified":"2021-01-27T01:22:29","modified_gmt":"2021-01-27T01:22:29","slug":"nous-joindre","status":"publish","type":"page","link":"https:\/\/rempart.ca\/fr\/nous-joindre\/","title":{"rendered":"Pour nous joindre"},"content":{"rendered":"<p>[vc_row][vc_column width=\u00a0\u00bb1\/2&Prime;]\n<div class=\"wpcf7 no-js\" id=\"wpcf7-f463-o1\" lang=\"en-US\" dir=\"ltr\">\n<div class=\"screen-reader-response\"><p role=\"status\" aria-live=\"polite\" aria-atomic=\"true\"><\/p> <ul><\/ul><\/div>\n<form action=\"\/fr\/wp-json\/wp\/v2\/pages\/382#wpcf7-f463-o1\" method=\"post\" class=\"wpcf7-form init\" aria-label=\"Contact form\" novalidate=\"novalidate\" data-status=\"init\">\n<div style=\"display: none;\">\n<input type=\"hidden\" name=\"_wpcf7\" value=\"463\" \/>\n<input type=\"hidden\" name=\"_wpcf7_version\" value=\"5.8.2\" \/>\n<input type=\"hidden\" name=\"_wpcf7_locale\" value=\"en_US\" \/>\n<input type=\"hidden\" name=\"_wpcf7_unit_tag\" value=\"wpcf7-f463-o1\" \/>\n<input type=\"hidden\" name=\"_wpcf7_container_post\" value=\"0\" \/>\n<input type=\"hidden\" name=\"_wpcf7_posted_data_hash\" value=\"\" \/>\n<\/div>\n<p><span class=\"wpcf7-form-control-wrap\" data-name=\"your-name\"><input size=\"40\" class=\"wpcf7-form-control wpcf7-text wpcf7-validates-as-required\" aria-required=\"true\" aria-invalid=\"false\" placeholder=\"Nom*\" value=\"\" type=\"text\" name=\"your-name\" \/><\/span>\n<\/p>\n<p><span class=\"wpcf7-form-control-wrap\" data-name=\"your-email\"><input size=\"40\" class=\"wpcf7-form-control wpcf7-email wpcf7-validates-as-required wpcf7-text wpcf7-validates-as-email\" aria-required=\"true\" aria-invalid=\"false\" placeholder=\"Courriel*\" value=\"\" type=\"email\" name=\"your-email\" \/><\/span>\n<\/p>\n<p><span class=\"wpcf7-form-control-wrap\" data-name=\"your-message\"><textarea cols=\"40\" rows=\"10\" class=\"wpcf7-form-control wpcf7-textarea\" aria-invalid=\"false\" placeholder=\"Votre question ou message\" name=\"your-message\"><\/textarea><\/span>\n<\/p>\n<p><input class=\"wpcf7-form-control wpcf7-submit has-spinner\" type=\"submit\" value=\"Envoyer\" \/>\n<\/p><div class=\"wpcf7-response-output\" aria-hidden=\"true\"><\/div>\n<\/form>\n<\/div>\n[\/vc_column][vc_column width=\u00a0\u00bb1\/2&Prime;][vc_column_text]<strong>Gestion de placements Rempart<\/strong><br \/>\n4, Place Ville Marie, Bureau 515<br \/>\nMontr\u00e9al, (Qu\u00e9bec)<br \/>\nH3B 2E7<\/p>\n<p>T\u00e9l\u00e9phone : 514 394-2770<br \/>\nFax : 514 394-2779<\/p>\n<p><strong>Gestion de placements Rempart<\/strong><br \/>\n2 Bloor Street West, Suite 700<br \/>\nToronto, Ontario<br \/>\nM4W 3R1<\/p>\n<p>T\u00e9l\u00e9phone : 416 977-6494<br \/>\nT\u00e9l\u00e9copieur : 416 929-3174<\/p>\n<p><a href=\"mailto:info@rempart.ca\">info@rempart.ca<\/a>[\/vc_column_text][\/vc_column][\/vc_row]<\/p>\n","protected":false},"excerpt":{"rendered":"<p>[vc_row][vc_column width=\u00a0\u00bb1\/2&Prime;][\/vc_column][vc_column width=\u00a0\u00bb1\/2&Prime;][vc_column_text]Gestion de placements Rempart 4, Place Ville Marie, Bureau 515 Montr\u00e9al, (Qu\u00e9bec) H3B 2E7 T\u00e9l\u00e9phone : 514 394-2770 Fax : 514 394-2779 Gestion de placements Rempart 2 Bloor Street West, Suite 700 Toronto, Ontario M4W 3R1 T\u00e9l\u00e9phone : 416 977-6494 T\u00e9l\u00e9copieur : 416 929-3174 info@rempart.ca[\/vc_column_text][\/vc_column][\/vc_row]<\/p>\n","protected":false},"author":88889,"featured_media":0,"parent":0,"menu_order":0,"comment_status":"closed","ping_status":"open","template":"","meta":{"footnotes":""},"yoast_head":"<!-- This site is optimized with the Yoast SEO plugin v21.5 - https:\/\/yoast.com\/wordpress\/plugins\/seo\/ -->\n<title>Pour nous joindre - Gestion de placements Rempart<\/title>\n<meta name=\"robots\" content=\"index, follow, max-snippet:-1, max-image-preview:large, max-video-preview:-1\" \/>\n<link rel=\"canonical\" href=\"https:\/\/rempart.ca\/fr\/nous-joindre\/\" \/>\n<meta property=\"og:locale\" content=\"fr_FR\" \/>\n<meta property=\"og:type\" content=\"article\" \/>\n<meta property=\"og:title\" content=\"Pour nous joindre - Gestion de placements Rempart\" \/>\n<meta property=\"og:description\" content=\"[vc_row][vc_column width=\u00a0\u00bb1\/2&Prime;][\/vc_column][vc_column width=\u00a0\u00bb1\/2&Prime;][vc_column_text]Gestion de placements Rempart 4, Place Ville Marie, Bureau 515 Montr\u00e9al, (Qu\u00e9bec) H3B 2E7 T\u00e9l\u00e9phone : 514 394-2770 Fax : 514 394-2779 Gestion de placements Rempart 2 Bloor Street West, Suite 700 Toronto, Ontario M4W 3R1 T\u00e9l\u00e9phone : 416 977-6494 T\u00e9l\u00e9copieur : 416 929-3174 info@rempart.ca[\/vc_column_text][\/vc_column][\/vc_row]\" \/>\n<meta property=\"og:url\" content=\"https:\/\/rempart.ca\/fr\/nous-joindre\/\" \/>\n<meta property=\"og:site_name\" content=\"Gestion de placements Rempart\" \/>\n<meta property=\"article:modified_time\" content=\"2021-01-27T01:22:29+00:00\" \/>\n<meta name=\"twitter:card\" content=\"summary_large_image\" \/>\n<script type=\"application\/ld+json\" class=\"yoast-schema-graph\">{\"@context\":\"https:\/\/schema.org\",\"@graph\":[{\"@type\":\"WebPage\",\"@id\":\"https:\/\/rempart.ca\/fr\/nous-joindre\/\",\"url\":\"https:\/\/rempart.ca\/fr\/nous-joindre\/\",\"name\":\"Pour nous joindre - Gestion de placements Rempart\",\"isPartOf\":{\"@id\":\"https:\/\/rempart.ca\/fr\/#website\"},\"datePublished\":\"2011-07-22T14:08:18+00:00\",\"dateModified\":\"2021-01-27T01:22:29+00:00\",\"breadcrumb\":{\"@id\":\"https:\/\/rempart.ca\/fr\/nous-joindre\/#breadcrumb\"},\"inLanguage\":\"fr-FR\",\"potentialAction\":[{\"@type\":\"ReadAction\",\"target\":[\"https:\/\/rempart.ca\/fr\/nous-joindre\/\"]}]},{\"@type\":\"BreadcrumbList\",\"@id\":\"https:\/\/rempart.ca\/fr\/nous-joindre\/#breadcrumb\",\"itemListElement\":[{\"@type\":\"ListItem\",\"position\":1,\"name\":\"Home\",\"item\":\"https:\/\/rempart.ca\/fr\/\"},{\"@type\":\"ListItem\",\"position\":2,\"name\":\"Pour nous joindre\"}]},{\"@type\":\"WebSite\",\"@id\":\"https:\/\/rempart.ca\/fr\/#website\",\"url\":\"https:\/\/rempart.ca\/fr\/\",\"name\":\"Rempart\",\"description\":\"Asset Management\",\"publisher\":{\"@id\":\"https:\/\/rempart.ca\/fr\/#organization\"},\"potentialAction\":[{\"@type\":\"SearchAction\",\"target\":{\"@type\":\"EntryPoint\",\"urlTemplate\":\"https:\/\/rempart.ca\/fr\/?s={search_term_string}\"},\"query-input\":\"required name=search_term_string\"}],\"inLanguage\":\"fr-FR\"},{\"@type\":\"Organization\",\"@id\":\"https:\/\/rempart.ca\/fr\/#organization\",\"name\":\"Gestion de placements Rempart\",\"url\":\"https:\/\/rempart.ca\/fr\/\",\"logo\":{\"@type\":\"ImageObject\",\"inLanguage\":\"fr-FR\",\"@id\":\"https:\/\/rempart.ca\/fr\/#\/schema\/logo\/image\/\",\"url\":\"https:\/\/rempart.ca\/wp-content\/uploads\/2021\/01\/Rempart-Logo.jpg\",\"contentUrl\":\"https:\/\/rempart.ca\/wp-content\/uploads\/2021\/01\/Rempart-Logo.jpg\",\"width\":251,\"height\":200,\"caption\":\"Gestion de placements Rempart\"},\"image\":{\"@id\":\"https:\/\/rempart.ca\/fr\/#\/schema\/logo\/image\/\"}}]}<\/script>\n<!-- \/ Yoast SEO plugin. -->","yoast_head_json":{"title":"Pour nous joindre - Gestion de placements Rempart","robots":{"index":"index","follow":"follow","max-snippet":"max-snippet:-1","max-image-preview":"max-image-preview:large","max-video-preview":"max-video-preview:-1"},"canonical":"https:\/\/rempart.ca\/fr\/nous-joindre\/","og_locale":"fr_FR","og_type":"article","og_title":"Pour nous joindre - Gestion de placements Rempart","og_description":"[vc_row][vc_column width=\u00a0\u00bb1\/2&Prime;][\/vc_column][vc_column width=\u00a0\u00bb1\/2&Prime;][vc_column_text]Gestion de placements Rempart 4, Place Ville Marie, Bureau 515 Montr\u00e9al, (Qu\u00e9bec) H3B 2E7 T\u00e9l\u00e9phone : 514 394-2770 Fax : 514 394-2779 Gestion de placements Rempart 2 Bloor Street West, Suite 700 Toronto, Ontario M4W 3R1 T\u00e9l\u00e9phone : 416 977-6494 T\u00e9l\u00e9copieur : 416 929-3174 info@rempart.ca[\/vc_column_text][\/vc_column][\/vc_row]","og_url":"https:\/\/rempart.ca\/fr\/nous-joindre\/","og_site_name":"Gestion de placements Rempart","article_modified_time":"2021-01-27T01:22:29+00:00","twitter_card":"summary_large_image","schema":{"@context":"https:\/\/schema.org","@graph":[{"@type":"WebPage","@id":"https:\/\/rempart.ca\/fr\/nous-joindre\/","url":"https:\/\/rempart.ca\/fr\/nous-joindre\/","name":"Pour nous joindre - Gestion de placements Rempart","isPartOf":{"@id":"https:\/\/rempart.ca\/fr\/#website"},"datePublished":"2011-07-22T14:08:18+00:00","dateModified":"2021-01-27T01:22:29+00:00","breadcrumb":{"@id":"https:\/\/rempart.ca\/fr\/nous-joindre\/#breadcrumb"},"inLanguage":"fr-FR","potentialAction":[{"@type":"ReadAction","target":["https:\/\/rempart.ca\/fr\/nous-joindre\/"]}]},{"@type":"BreadcrumbList","@id":"https:\/\/rempart.ca\/fr\/nous-joindre\/#breadcrumb","itemListElement":[{"@type":"ListItem","position":1,"name":"Home","item":"https:\/\/rempart.ca\/fr\/"},{"@type":"ListItem","position":2,"name":"Pour nous joindre"}]},{"@type":"WebSite","@id":"https:\/\/rempart.ca\/fr\/#website","url":"https:\/\/rempart.ca\/fr\/","name":"Rempart","description":"Asset Management","publisher":{"@id":"https:\/\/rempart.ca\/fr\/#organization"},"potentialAction":[{"@type":"SearchAction","target":{"@type":"EntryPoint","urlTemplate":"https:\/\/rempart.ca\/fr\/?s={search_term_string}"},"query-input":"required name=search_term_string"}],"inLanguage":"fr-FR"},{"@type":"Organization","@id":"https:\/\/rempart.ca\/fr\/#organization","name":"Gestion de placements Rempart","url":"https:\/\/rempart.ca\/fr\/","logo":{"@type":"ImageObject","inLanguage":"fr-FR","@id":"https:\/\/rempart.ca\/fr\/#\/schema\/logo\/image\/","url":"https:\/\/rempart.ca\/wp-content\/uploads\/2021\/01\/Rempart-Logo.jpg","contentUrl":"https:\/\/rempart.ca\/wp-content\/uploads\/2021\/01\/Rempart-Logo.jpg","width":251,"height":200,"caption":"Gestion de placements Rempart"},"image":{"@id":"https:\/\/rempart.ca\/fr\/#\/schema\/logo\/image\/"}}]}},"_links":{"self":[{"href":"https:\/\/rempart.ca\/fr\/wp-json\/wp\/v2\/pages\/382"}],"collection":[{"href":"https:\/\/rempart.ca\/fr\/wp-json\/wp\/v2\/pages"}],"about":[{"href":"https:\/\/rempart.ca\/fr\/wp-json\/wp\/v2\/types\/page"}],"author":[{"embeddable":true,"href":"https:\/\/rempart.ca\/fr\/wp-json\/wp\/v2\/users\/88889"}],"replies":[{"embeddable":true,"href":"https:\/\/rempart.ca\/fr\/wp-json\/wp\/v2\/comments?post=382"}],"version-history":[{"count":13,"href":"https:\/\/rempart.ca\/fr\/wp-json\/wp\/v2\/pages\/382\/revisions"}],"predecessor-version":[{"id":890,"href":"https:\/\/rempart.ca\/fr\/wp-json\/wp\/v2\/pages\/382\/revisions\/890"}],"wp:attachment":[{"href":"https:\/\/rempart.ca\/fr\/wp-json\/wp\/v2\/media?parent=382"}],"curies":[{"name":"wp","href":"https:\/\/api.w.org\/{rel}","templated":true}]}}